{"id":2400,"date":"2024-06-24T08:50:42","date_gmt":"2024-06-24T05:50:42","guid":{"rendered":"https:\/\/organic-consulting.ro\/?page_id=2400"},"modified":"2024-06-24T08:53:43","modified_gmt":"2024-06-24T05:53:43","slug":"cristina-norocel","status":"publish","type":"page","link":"https:\/\/organic-consulting.ro\/en\/cristina-norocel\/","title":{"rendered":"Cristina Norocel"},"content":{"rendered":"<div data-elementor-type=\"wp-page\" data-elementor-id=\"2400\" class=\"elementor elementor-2400\" data-elementor-post-type=\"page\">\n\t\t\t\t\t\t<section class=\"elementor-section elementor-top-section elementor-element elementor-element-a672339 elementor-section-stretched elementor-section-boxed elementor-section-height-default elementor-section-height-default\" data-id=\"a672339\" data-element_type=\"section\" data-settings=\"{&quot;stretch_section&quot;:&quot;section-stretched&quot;,&quot;background_background&quot;:&quot;classic&quot;}\">\n\t\t\t\t\t\t<div class=\"elementor-container elementor-column-gap-default\">\n\t\t\t\t\t<div class=\"elementor-column elementor-col-50 elementor-top-column elementor-element elementor-element-2dd71bc\" data-id=\"2dd71bc\" data-element_type=\"column\">\n\t\t\t<div class=\"elementor-widget-wrap elementor-element-populated\">\n\t\t\t\t\t\t<div class=\"elementor-element elementor-element-766e51f elementor-widget elementor-widget-heading\" data-id=\"766e51f\" data-element_type=\"widget\" data-widget_type=\"heading.default\">\n\t\t\t\t<div class=\"elementor-widget-container\">\n\t\t\t<h1 class=\"elementor-heading-title elementor-size-default\">Cristina Norocel, marketing and communication consultant <\/h1>\t\t<\/div>\n\t\t\t\t<\/div>\n\t\t\t\t<div class=\"elementor-element elementor-element-7e62e04 elementor-widget-divider--view-line elementor-widget elementor-widget-divider\" data-id=\"7e62e04\" data-element_type=\"widget\" data-widget_type=\"divider.default\">\n\t\t\t\t<div class=\"elementor-widget-container\">\n\t\t\t\t\t<div class=\"elementor-divider\">\n\t\t\t<span class=\"elementor-divider-separator\">\n\t\t\t\t\t\t<\/span>\n\t\t<\/div>\n\t\t\t\t<\/div>\n\t\t\t\t<\/div>\n\t\t\t\t<div class=\"elementor-element elementor-element-012ef81 elementor-widget elementor-widget-text-editor\" data-id=\"012ef81\" data-element_type=\"widget\" data-widget_type=\"text-editor.default\">\n\t\t\t\t<div class=\"elementor-widget-container\">\n\t\t\t\t\t\t\t<p>Cristina Norocel has been working in marketing for over 15 years, a field in which you get very tired, but which you never get tired of because it is extremely dynamic and rewarding.<\/p><p>But, no matter how many facets and valences it has, marketing will always be based on a few basic pillars on which creativity always weaves new and new &quot;garments&quot; unhindered. And it is precisely these pillars that it knows by heart.<\/p><p>Cristina can help you with services such as: personal branding consultancy, marketing strategy consultancy, social media services, public relations, online promotion services, branding consultancy.\u00a0<\/p>\t\t\t\t\t\t<\/div>\n\t\t\t\t<\/div>\n\t\t\t\t<section class=\"elementor-section elementor-inner-section elementor-element elementor-element-f6580d1 elementor-section-boxed elementor-section-height-default elementor-section-height-default\" data-id=\"f6580d1\" data-element_type=\"section\">\n\t\t\t\t\t\t<div class=\"elementor-container elementor-column-gap-default\">\n\t\t\t\t\t<div class=\"elementor-column elementor-col-50 elementor-inner-column elementor-element elementor-element-19a909d\" data-id=\"19a909d\" data-element_type=\"column\">\n\t\t\t<div class=\"elementor-widget-wrap elementor-element-populated\">\n\t\t\t\t\t\t<div class=\"elementor-element elementor-element-195873e elementor-align-left elementor-mobile-align-center elementor-widget elementor-widget-button\" data-id=\"195873e\" data-element_type=\"widget\" data-widget_type=\"button.default\">\n\t\t\t\t<div class=\"elementor-widget-container\">\n\t\t\t\t\t\t\t<div class=\"elementor-button-wrapper\">\n\t\t\t\t\t<a class=\"elementor-button elementor-button-link elementor-size-sm\" href=\"tel:+40%20741%20301%20082\">\n\t\t\t\t\t\t<span class=\"elementor-button-content-wrapper\">\n\t\t\t\t\t\t\t\t\t<span class=\"elementor-button-text\">+40 741 301 082<\/span>\n\t\t\t\t\t<\/span>\n\t\t\t\t\t<\/a>\n\t\t\t\t<\/div>\n\t\t\t\t\t\t<\/div>\n\t\t\t\t<\/div>\n\t\t\t\t\t<\/div>\n\t\t<\/div>\n\t\t\t\t<div class=\"elementor-column elementor-col-50 elementor-inner-column elementor-element elementor-element-1a6be03\" data-id=\"1a6be03\" data-element_type=\"column\">\n\t\t\t<div class=\"elementor-widget-wrap elementor-element-populated\">\n\t\t\t\t\t\t<div class=\"elementor-element elementor-element-96f5a52 elementor-align-left elementor-mobile-align-center elementor-widget elementor-widget-button\" data-id=\"96f5a52\" data-element_type=\"widget\" data-widget_type=\"button.default\">\n\t\t\t\t<div class=\"elementor-widget-container\">\n\t\t\t\t\t\t\t<div class=\"elementor-button-wrapper\">\n\t\t\t\t\t<a class=\"elementor-button elementor-button-link elementor-size-sm\" href=\"mailto:cristina@obiz.ro%20\">\n\t\t\t\t\t\t<span class=\"elementor-button-content-wrapper\">\n\t\t\t\t\t\t\t\t\t<span class=\"elementor-button-text\">cristina@obiz.ro<\/span>\n\t\t\t\t\t<\/span>\n\t\t\t\t\t<\/a>\n\t\t\t\t<\/div>\n\t\t\t\t\t\t<\/div>\n\t\t\t\t<\/div>\n\t\t\t\t\t<\/div>\n\t\t<\/div>\n\t\t\t\t\t<\/div>\n\t\t<\/section>\n\t\t\t\t\t<\/div>\n\t\t<\/div>\n\t\t\t\t<div class=\"elementor-column elementor-col-50 elementor-top-column elementor-element elementor-element-6f50c7c\" data-id=\"6f50c7c\" data-element_type=\"column\">\n\t\t\t<div class=\"elementor-widget-wrap elementor-element-populated\">\n\t\t\t\t\t\t<div class=\"elementor-element elementor-element-d1b17c5 elementor-widget elementor-widget-image\" data-id=\"d1b17c5\" data-element_type=\"widget\" data-widget_type=\"image.default\">\n\t\t\t\t<div class=\"elementor-widget-container\">\n\t\t\t\t\t\t\t\t\t\t\t\t\t<img fetchpriority=\"high\" decoding=\"async\" width=\"800\" height=\"800\" src=\"https:\/\/organic-consulting.ro\/wp-content\/uploads\/2024\/06\/CristinaN_branding-40.jpg\" class=\"attachment-large size-large wp-image-2403\" alt=\"\" srcset=\"https:\/\/organic-consulting.ro\/wp-content\/uploads\/2024\/06\/CristinaN_branding-40.jpg 812w, https:\/\/organic-consulting.ro\/wp-content\/uploads\/2024\/06\/CristinaN_branding-40-300x300.jpg 300w, https:\/\/organic-consulting.ro\/wp-content\/uploads\/2024\/06\/CristinaN_branding-40-150x150.jpg 150w, https:\/\/organic-consulting.ro\/wp-content\/uploads\/2024\/06\/CristinaN_branding-40-768x768.jpg 768w\" sizes=\"(max-width: 800px) 100vw, 800px\" \/>\t\t\t\t\t\t\t\t\t\t\t\t\t<\/div>\n\t\t\t\t<\/div>\n\t\t\t\t\t<\/div>\n\t\t<\/div>\n\t\t\t\t\t<\/div>\n\t\t<\/section>\n\t\t\t\t<\/div>","protected":false},"excerpt":{"rendered":"<p>Cristina Norocel, consultant marketing si comunicare Cristina Norocel activeaz\u0103 \u00een domeniul marketing de peste 15 ani, un domeniu \u00een care obose\u0219ti mult, dar de care nu te saturi niciodat\u0103 pentru c\u0103 e extrem de dinamic \u0219i de ofertant. Dar, oric\u00e2t de multe fa\u021bete \u0219i valen\u021be ar avea, marketingul se va sprijini mereu pe c\u00e2\u021biva piloni [&hellip;]<\/p>\n","protected":false},"author":1,"featured_media":0,"parent":0,"menu_order":0,"comment_status":"closed","ping_status":"closed","template":"elementor_header_footer","meta":{"footnotes":""},"class_list":["post-2400","page","type-page","status-publish","hentry"],"yoast_head":"<!-- This site is optimized with the Yoast SEO plugin v27.4 - https:\/\/yoast.com\/product\/yoast-seo-wordpress\/ -->\n<title>Cristina Norocel - Organic Consulting<\/title>\n<meta name=\"robots\" content=\"index, follow, max-snippet:-1, max-image-preview:large, max-video-preview:-1\" \/>\n<link rel=\"canonical\" href=\"https:\/\/organic-consulting.ro\/en\/cristina-norocel\/\" \/>\n<meta property=\"og:locale\" content=\"en_GB\" \/>\n<meta property=\"og:type\" content=\"article\" \/>\n<meta property=\"og:title\" content=\"Cristina Norocel - Organic Consulting\" \/>\n<meta property=\"og:description\" content=\"Cristina Norocel, consultant marketing si comunicare Cristina Norocel activeaz\u0103 \u00een domeniul marketing de peste 15 ani, un domeniu \u00een care obose\u0219ti mult, dar de care nu te saturi niciodat\u0103 pentru c\u0103 e extrem de dinamic \u0219i de ofertant. Dar, oric\u00e2t de multe fa\u021bete \u0219i valen\u021be ar avea, marketingul se va sprijini mereu pe c\u00e2\u021biva piloni [&hellip;]\" \/>\n<meta property=\"og:url\" content=\"https:\/\/organic-consulting.ro\/en\/cristina-norocel\/\" \/>\n<meta property=\"og:site_name\" content=\"Organic Consulting\" \/>\n<meta property=\"article:modified_time\" content=\"2024-06-24T05:53:43+00:00\" \/>\n<meta property=\"og:image\" content=\"https:\/\/organic-consulting.ro\/wp-content\/uploads\/2024\/06\/CristinaN_branding-40.jpg\" \/>\n<meta name=\"twitter:card\" content=\"summary_large_image\" \/>\n<meta name=\"twitter:label1\" content=\"Estimated reading time\" \/>\n\t<meta name=\"twitter:data1\" content=\"1 minute\" \/>\n<script type=\"application\/ld+json\" class=\"yoast-schema-graph\">{\"@context\":\"https:\\\/\\\/schema.org\",\"@graph\":[{\"@type\":\"WebPage\",\"@id\":\"https:\\\/\\\/organic-consulting.ro\\\/cristina-norocel\\\/\",\"url\":\"https:\\\/\\\/organic-consulting.ro\\\/cristina-norocel\\\/\",\"name\":\"Cristina Norocel - Organic Consulting\",\"isPartOf\":{\"@id\":\"https:\\\/\\\/organic-consulting.ro\\\/#website\"},\"primaryImageOfPage\":{\"@id\":\"https:\\\/\\\/organic-consulting.ro\\\/cristina-norocel\\\/#primaryimage\"},\"image\":{\"@id\":\"https:\\\/\\\/organic-consulting.ro\\\/cristina-norocel\\\/#primaryimage\"},\"thumbnailUrl\":\"https:\\\/\\\/organic-consulting.ro\\\/wp-content\\\/uploads\\\/2024\\\/06\\\/CristinaN_branding-40.jpg\",\"datePublished\":\"2024-06-24T05:50:42+00:00\",\"dateModified\":\"2024-06-24T05:53:43+00:00\",\"breadcrumb\":{\"@id\":\"https:\\\/\\\/organic-consulting.ro\\\/cristina-norocel\\\/#breadcrumb\"},\"inLanguage\":\"en-GB\",\"potentialAction\":[{\"@type\":\"ReadAction\",\"target\":[\"https:\\\/\\\/organic-consulting.ro\\\/cristina-norocel\\\/\"]}]},{\"@type\":\"ImageObject\",\"inLanguage\":\"en-GB\",\"@id\":\"https:\\\/\\\/organic-consulting.ro\\\/cristina-norocel\\\/#primaryimage\",\"url\":\"https:\\\/\\\/organic-consulting.ro\\\/wp-content\\\/uploads\\\/2024\\\/06\\\/CristinaN_branding-40.jpg\",\"contentUrl\":\"https:\\\/\\\/organic-consulting.ro\\\/wp-content\\\/uploads\\\/2024\\\/06\\\/CristinaN_branding-40.jpg\"},{\"@type\":\"BreadcrumbList\",\"@id\":\"https:\\\/\\\/organic-consulting.ro\\\/cristina-norocel\\\/#breadcrumb\",\"itemListElement\":[{\"@type\":\"ListItem\",\"position\":1,\"name\":\"Prima pagin\u0103\",\"item\":\"https:\\\/\\\/organic-consulting.ro\\\/\"},{\"@type\":\"ListItem\",\"position\":2,\"name\":\"Cristina Norocel\"}]},{\"@type\":\"WebSite\",\"@id\":\"https:\\\/\\\/organic-consulting.ro\\\/#website\",\"url\":\"https:\\\/\\\/organic-consulting.ro\\\/\",\"name\":\"Organic Consulting\",\"description\":\"Servicii consultan\u021b\u0103 juridic\u0103 \u0219i financiar\u0103\",\"publisher\":{\"@id\":\"https:\\\/\\\/organic-consulting.ro\\\/#organization\"},\"potentialAction\":[{\"@type\":\"SearchAction\",\"target\":{\"@type\":\"EntryPoint\",\"urlTemplate\":\"https:\\\/\\\/organic-consulting.ro\\\/?s={search_term_string}\"},\"query-input\":{\"@type\":\"PropertyValueSpecification\",\"valueRequired\":true,\"valueName\":\"search_term_string\"}}],\"inLanguage\":\"en-GB\"},{\"@type\":\"Organization\",\"@id\":\"https:\\\/\\\/organic-consulting.ro\\\/#organization\",\"name\":\"Organic Consulting SRL\",\"url\":\"https:\\\/\\\/organic-consulting.ro\\\/\",\"logo\":{\"@type\":\"ImageObject\",\"inLanguage\":\"en-GB\",\"@id\":\"https:\\\/\\\/organic-consulting.ro\\\/#\\\/schema\\\/logo\\\/image\\\/\",\"url\":\"https:\\\/\\\/organic-consulting.ro\\\/wp-content\\\/uploads\\\/2022\\\/05\\\/Organic-Consulting-logo-NEGRU.png\",\"contentUrl\":\"https:\\\/\\\/organic-consulting.ro\\\/wp-content\\\/uploads\\\/2022\\\/05\\\/Organic-Consulting-logo-NEGRU.png\",\"width\":1131,\"height\":376,\"caption\":\"Organic Consulting SRL\"},\"image\":{\"@id\":\"https:\\\/\\\/organic-consulting.ro\\\/#\\\/schema\\\/logo\\\/image\\\/\"}}]}<\/script>\n<!-- \/ Yoast SEO plugin. -->","yoast_head_json":{"title":"Cristina Norocel - Organic Consulting","robots":{"index":"index","follow":"follow","max-snippet":"max-snippet:-1","max-image-preview":"max-image-preview:large","max-video-preview":"max-video-preview:-1"},"canonical":"https:\/\/organic-consulting.ro\/en\/cristina-norocel\/","og_locale":"en_GB","og_type":"article","og_title":"Cristina Norocel - Organic Consulting","og_description":"Cristina Norocel, consultant marketing si comunicare Cristina Norocel activeaz\u0103 \u00een domeniul marketing de peste 15 ani, un domeniu \u00een care obose\u0219ti mult, dar de care nu te saturi niciodat\u0103 pentru c\u0103 e extrem de dinamic \u0219i de ofertant. Dar, oric\u00e2t de multe fa\u021bete \u0219i valen\u021be ar avea, marketingul se va sprijini mereu pe c\u00e2\u021biva piloni [&hellip;]","og_url":"https:\/\/organic-consulting.ro\/en\/cristina-norocel\/","og_site_name":"Organic Consulting","article_modified_time":"2024-06-24T05:53:43+00:00","og_image":[{"url":"https:\/\/organic-consulting.ro\/wp-content\/uploads\/2024\/06\/CristinaN_branding-40.jpg","type":"","width":"","height":""}],"twitter_card":"summary_large_image","twitter_misc":{"Estimated reading time":"1 minute"},"schema":{"@context":"https:\/\/schema.org","@graph":[{"@type":"WebPage","@id":"https:\/\/organic-consulting.ro\/cristina-norocel\/","url":"https:\/\/organic-consulting.ro\/cristina-norocel\/","name":"Cristina Norocel - Organic Consulting","isPartOf":{"@id":"https:\/\/organic-consulting.ro\/#website"},"primaryImageOfPage":{"@id":"https:\/\/organic-consulting.ro\/cristina-norocel\/#primaryimage"},"image":{"@id":"https:\/\/organic-consulting.ro\/cristina-norocel\/#primaryimage"},"thumbnailUrl":"https:\/\/organic-consulting.ro\/wp-content\/uploads\/2024\/06\/CristinaN_branding-40.jpg","datePublished":"2024-06-24T05:50:42+00:00","dateModified":"2024-06-24T05:53:43+00:00","breadcrumb":{"@id":"https:\/\/organic-consulting.ro\/cristina-norocel\/#breadcrumb"},"inLanguage":"en-GB","potentialAction":[{"@type":"ReadAction","target":["https:\/\/organic-consulting.ro\/cristina-norocel\/"]}]},{"@type":"ImageObject","inLanguage":"en-GB","@id":"https:\/\/organic-consulting.ro\/cristina-norocel\/#primaryimage","url":"https:\/\/organic-consulting.ro\/wp-content\/uploads\/2024\/06\/CristinaN_branding-40.jpg","contentUrl":"https:\/\/organic-consulting.ro\/wp-content\/uploads\/2024\/06\/CristinaN_branding-40.jpg"},{"@type":"BreadcrumbList","@id":"https:\/\/organic-consulting.ro\/cristina-norocel\/#breadcrumb","itemListElement":[{"@type":"ListItem","position":1,"name":"Prima pagin\u0103","item":"https:\/\/organic-consulting.ro\/"},{"@type":"ListItem","position":2,"name":"Cristina Norocel"}]},{"@type":"WebSite","@id":"https:\/\/organic-consulting.ro\/#website","url":"https:\/\/organic-consulting.ro\/","name":"Organic Consulting","description":"Servicii consultan\u021b\u0103 juridic\u0103 \u0219i financiar\u0103","publisher":{"@id":"https:\/\/organic-consulting.ro\/#organization"},"potentialAction":[{"@type":"SearchAction","target":{"@type":"EntryPoint","urlTemplate":"https:\/\/organic-consulting.ro\/?s={search_term_string}"},"query-input":{"@type":"PropertyValueSpecification","valueRequired":true,"valueName":"search_term_string"}}],"inLanguage":"en-GB"},{"@type":"Organization","@id":"https:\/\/organic-consulting.ro\/#organization","name":"Organic Consulting SRL","url":"https:\/\/organic-consulting.ro\/","logo":{"@type":"ImageObject","inLanguage":"en-GB","@id":"https:\/\/organic-consulting.ro\/#\/schema\/logo\/image\/","url":"https:\/\/organic-consulting.ro\/wp-content\/uploads\/2022\/05\/Organic-Consulting-logo-NEGRU.png","contentUrl":"https:\/\/organic-consulting.ro\/wp-content\/uploads\/2022\/05\/Organic-Consulting-logo-NEGRU.png","width":1131,"height":376,"caption":"Organic Consulting SRL"},"image":{"@id":"https:\/\/organic-consulting.ro\/#\/schema\/logo\/image\/"}}]}},"_links":{"self":[{"href":"https:\/\/organic-consulting.ro\/en\/wp-json\/wp\/v2\/pages\/2400","targetHints":{"allow":["GET"]}}],"collection":[{"href":"https:\/\/organic-consulting.ro\/en\/wp-json\/wp\/v2\/pages"}],"about":[{"href":"https:\/\/organic-consulting.ro\/en\/wp-json\/wp\/v2\/types\/page"}],"author":[{"embeddable":true,"href":"https:\/\/organic-consulting.ro\/en\/wp-json\/wp\/v2\/users\/1"}],"replies":[{"embeddable":true,"href":"https:\/\/organic-consulting.ro\/en\/wp-json\/wp\/v2\/comments?post=2400"}],"version-history":[{"count":0,"href":"https:\/\/organic-consulting.ro\/en\/wp-json\/wp\/v2\/pages\/2400\/revisions"}],"wp:attachment":[{"href":"https:\/\/organic-consulting.ro\/en\/wp-json\/wp\/v2\/media?parent=2400"}],"curies":[{"name":"wp","href":"https:\/\/api.w.org\/{rel}","templated":true}]}}