{"id":1940,"date":"2023-09-11T17:15:01","date_gmt":"2023-09-11T14:15:01","guid":{"rendered":"https:\/\/organic-consulting.ro\/?page_id=1940"},"modified":"2023-09-11T17:24:43","modified_gmt":"2023-09-11T14:24:43","slug":"cabinet-avocat-claudia-gheorghita","status":"publish","type":"page","link":"https:\/\/organic-consulting.ro\/en\/cabinet-avocat-claudia-gheorghita\/","title":{"rendered":"Claudia Gheorghita Law Office"},"content":{"rendered":"<div data-elementor-type=\"wp-page\" data-elementor-id=\"1940\" class=\"elementor elementor-1940\" data-elementor-post-type=\"page\">\n\t\t\t\t\t\t<section class=\"elementor-section elementor-top-section elementor-element elementor-element-738669f elementor-section-stretched elementor-section-boxed elementor-section-height-default elementor-section-height-default\" data-id=\"738669f\" data-element_type=\"section\" data-settings=\"{&quot;stretch_section&quot;:&quot;section-stretched&quot;,&quot;background_background&quot;:&quot;classic&quot;}\">\n\t\t\t\t\t\t<div class=\"elementor-container elementor-column-gap-default\">\n\t\t\t\t\t<div class=\"elementor-column elementor-col-50 elementor-top-column elementor-element elementor-element-0240cdd\" data-id=\"0240cdd\" data-element_type=\"column\">\n\t\t\t<div class=\"elementor-widget-wrap elementor-element-populated\">\n\t\t\t\t\t\t<div class=\"elementor-element elementor-element-2733fbc elementor-widget elementor-widget-heading\" data-id=\"2733fbc\" data-element_type=\"widget\" data-widget_type=\"heading.default\">\n\t\t\t\t<div class=\"elementor-widget-container\">\n\t\t\t<h1 class=\"elementor-heading-title elementor-size-default\">Claudia Gheorghita Law Office<\/h1>\t\t<\/div>\n\t\t\t\t<\/div>\n\t\t\t\t<div class=\"elementor-element elementor-element-8398f26 elementor-widget-divider--view-line elementor-widget elementor-widget-divider\" data-id=\"8398f26\" data-element_type=\"widget\" data-widget_type=\"divider.default\">\n\t\t\t\t<div class=\"elementor-widget-container\">\n\t\t\t\t\t<div class=\"elementor-divider\">\n\t\t\t<span class=\"elementor-divider-separator\">\n\t\t\t\t\t\t<\/span>\n\t\t<\/div>\n\t\t\t\t<\/div>\n\t\t\t\t<\/div>\n\t\t\t\t<div class=\"elementor-element elementor-element-2968407 elementor-widget elementor-widget-text-editor\" data-id=\"2968407\" data-element_type=\"widget\" data-widget_type=\"text-editor.default\">\n\t\t\t\t<div class=\"elementor-widget-container\">\n\t\t\t\t\t\t\t<p style=\"font-weight: 400;\">The lawyer is a trusted ally on this business journey.<\/p><p style=\"font-weight: 400;\">Working with a lawyer can be essential in many legal situations.<\/p><p style=\"font-weight: 400;\">Our attorney will evaluate your case and inform you of the options available to you, as well as the prospects for success. This will help you make informed decisions about the direction you want to take.<\/p><p style=\"font-weight: 400;\">You can find Claudia at:<\/p>\t\t\t\t\t\t<\/div>\n\t\t\t\t<\/div>\n\t\t\t\t<section class=\"elementor-section elementor-inner-section elementor-element elementor-element-5a50e0f elementor-section-boxed elementor-section-height-default elementor-section-height-default\" data-id=\"5a50e0f\" data-element_type=\"section\">\n\t\t\t\t\t\t<div class=\"elementor-container elementor-column-gap-default\">\n\t\t\t\t\t<div class=\"elementor-column elementor-col-50 elementor-inner-column elementor-element elementor-element-aa450b1\" data-id=\"aa450b1\" data-element_type=\"column\">\n\t\t\t<div class=\"elementor-widget-wrap elementor-element-populated\">\n\t\t\t\t\t\t<div class=\"elementor-element elementor-element-f550758 elementor-align-left elementor-mobile-align-center elementor-widget elementor-widget-button\" data-id=\"f550758\" data-element_type=\"widget\" data-widget_type=\"button.default\">\n\t\t\t\t<div class=\"elementor-widget-container\">\n\t\t\t\t\t\t\t<div class=\"elementor-button-wrapper\">\n\t\t\t\t\t<a class=\"elementor-button elementor-button-link elementor-size-sm\" href=\"tel:+40%20754%20881%20930\">\n\t\t\t\t\t\t<span class=\"elementor-button-content-wrapper\">\n\t\t\t\t\t\t\t\t\t<span class=\"elementor-button-text\">+40 754 881 930<\/span>\n\t\t\t\t\t<\/span>\n\t\t\t\t\t<\/a>\n\t\t\t\t<\/div>\n\t\t\t\t\t\t<\/div>\n\t\t\t\t<\/div>\n\t\t\t\t\t<\/div>\n\t\t<\/div>\n\t\t\t\t<div class=\"elementor-column elementor-col-50 elementor-inner-column elementor-element elementor-element-952a27e\" data-id=\"952a27e\" data-element_type=\"column\">\n\t\t\t<div class=\"elementor-widget-wrap elementor-element-populated\">\n\t\t\t\t\t\t<div class=\"elementor-element elementor-element-0d9bbcf elementor-align-left elementor-mobile-align-center elementor-widget elementor-widget-button\" data-id=\"0d9bbcf\" data-element_type=\"widget\" data-widget_type=\"button.default\">\n\t\t\t\t<div class=\"elementor-widget-container\">\n\t\t\t\t\t\t\t<div class=\"elementor-button-wrapper\">\n\t\t\t\t\t<a class=\"elementor-button elementor-button-link elementor-size-sm\" href=\"mailto:office@cg-cabinetavocat.com\">\n\t\t\t\t\t\t<span class=\"elementor-button-content-wrapper\">\n\t\t\t\t\t\t\t\t\t<span class=\"elementor-button-text\">office@cg-cabinetavocat.com<\/span>\n\t\t\t\t\t<\/span>\n\t\t\t\t\t<\/a>\n\t\t\t\t<\/div>\n\t\t\t\t\t\t<\/div>\n\t\t\t\t<\/div>\n\t\t\t\t\t<\/div>\n\t\t<\/div>\n\t\t\t\t\t<\/div>\n\t\t<\/section>\n\t\t\t\t\t<\/div>\n\t\t<\/div>\n\t\t\t\t<div class=\"elementor-column elementor-col-50 elementor-top-column elementor-element elementor-element-2d4b2de\" data-id=\"2d4b2de\" data-element_type=\"column\">\n\t\t\t<div class=\"elementor-widget-wrap elementor-element-populated\">\n\t\t\t\t\t\t<div class=\"elementor-element elementor-element-4b25b6f elementor-widget elementor-widget-image\" data-id=\"4b25b6f\" data-element_type=\"widget\" data-widget_type=\"image.default\">\n\t\t\t\t<div class=\"elementor-widget-container\">\n\t\t\t\t\t\t\t\t\t\t\t\t\t<img fetchpriority=\"high\" decoding=\"async\" width=\"800\" height=\"955\" src=\"https:\/\/organic-consulting.ro\/wp-content\/uploads\/2023\/09\/Sedinta-foto-portret-business-Claudia-Gheorghita-1.jpg\" class=\"attachment-large size-large wp-image-1947\" alt=\"\" srcset=\"https:\/\/organic-consulting.ro\/wp-content\/uploads\/2023\/09\/Sedinta-foto-portret-business-Claudia-Gheorghita-1.jpg 800w, https:\/\/organic-consulting.ro\/wp-content\/uploads\/2023\/09\/Sedinta-foto-portret-business-Claudia-Gheorghita-1-251x300.jpg 251w, https:\/\/organic-consulting.ro\/wp-content\/uploads\/2023\/09\/Sedinta-foto-portret-business-Claudia-Gheorghita-1-768x917.jpg 768w\" sizes=\"(max-width: 800px) 100vw, 800px\" \/>\t\t\t\t\t\t\t\t\t\t\t\t\t<\/div>\n\t\t\t\t<\/div>\n\t\t\t\t\t<\/div>\n\t\t<\/div>\n\t\t\t\t\t<\/div>\n\t\t<\/section>\n\t\t\t\t<\/div>","protected":false},"excerpt":{"rendered":"<p>Cabinet Avocat Claudia Gheorghita Avocatul este un aliat de \u00eencredere \u00een aceast\u0103 c\u0103l\u0103torie\u00a0de business. Colaborarea cu un avocat poate fi esentiala in numeroase situatii legale. Avocatul\u00a0nostru\u00a0va evalua cazul dumneavoastr\u0103 \u0219i v\u0103 va informa cu privire la op\u021biunile disponibile, precum \u0219i la perspectivele de succes. Aceasta v\u0103 va ajuta s\u0103 lua\u021bi decizii informate \u00een privin\u021ba direc\u021biei [&hellip;]<\/p>\n","protected":false},"author":1,"featured_media":0,"parent":0,"menu_order":0,"comment_status":"closed","ping_status":"closed","template":"elementor_header_footer","meta":{"footnotes":""},"class_list":["post-1940","page","type-page","status-publish","hentry"],"yoast_head":"<!-- This site is optimized with the Yoast SEO plugin v27.4 - https:\/\/yoast.com\/product\/yoast-seo-wordpress\/ -->\n<title>Cabinet Avocat Claudia Gheorghita - Organic Consulting<\/title>\n<meta name=\"robots\" content=\"index, follow, max-snippet:-1, max-image-preview:large, max-video-preview:-1\" \/>\n<link rel=\"canonical\" href=\"https:\/\/organic-consulting.ro\/en\/cabinet-avocat-claudia-gheorghita\/\" \/>\n<meta property=\"og:locale\" content=\"en_GB\" \/>\n<meta property=\"og:type\" content=\"article\" \/>\n<meta property=\"og:title\" content=\"Cabinet Avocat Claudia Gheorghita - Organic Consulting\" \/>\n<meta property=\"og:description\" content=\"Cabinet Avocat Claudia Gheorghita Avocatul este un aliat de \u00eencredere \u00een aceast\u0103 c\u0103l\u0103torie\u00a0de business. Colaborarea cu un avocat poate fi esentiala in numeroase situatii legale. Avocatul\u00a0nostru\u00a0va evalua cazul dumneavoastr\u0103 \u0219i v\u0103 va informa cu privire la op\u021biunile disponibile, precum \u0219i la perspectivele de succes. Aceasta v\u0103 va ajuta s\u0103 lua\u021bi decizii informate \u00een privin\u021ba direc\u021biei [&hellip;]\" \/>\n<meta property=\"og:url\" content=\"https:\/\/organic-consulting.ro\/en\/cabinet-avocat-claudia-gheorghita\/\" \/>\n<meta property=\"og:site_name\" content=\"Organic Consulting\" \/>\n<meta property=\"article:modified_time\" content=\"2023-09-11T14:24:43+00:00\" \/>\n<meta property=\"og:image\" content=\"https:\/\/organic-consulting.ro\/wp-content\/uploads\/2023\/09\/Sedinta-foto-portret-business-Claudia-Gheorghita-1.jpg\" \/>\n<meta name=\"twitter:card\" content=\"summary_large_image\" \/>\n<meta name=\"twitter:label1\" content=\"Estimated reading time\" \/>\n\t<meta name=\"twitter:data1\" content=\"1 minute\" \/>\n<script type=\"application\/ld+json\" class=\"yoast-schema-graph\">{\"@context\":\"https:\\\/\\\/schema.org\",\"@graph\":[{\"@type\":\"WebPage\",\"@id\":\"https:\\\/\\\/organic-consulting.ro\\\/cabinet-avocat-claudia-gheorghita\\\/\",\"url\":\"https:\\\/\\\/organic-consulting.ro\\\/cabinet-avocat-claudia-gheorghita\\\/\",\"name\":\"Cabinet Avocat Claudia Gheorghita - Organic Consulting\",\"isPartOf\":{\"@id\":\"https:\\\/\\\/organic-consulting.ro\\\/#website\"},\"primaryImageOfPage\":{\"@id\":\"https:\\\/\\\/organic-consulting.ro\\\/cabinet-avocat-claudia-gheorghita\\\/#primaryimage\"},\"image\":{\"@id\":\"https:\\\/\\\/organic-consulting.ro\\\/cabinet-avocat-claudia-gheorghita\\\/#primaryimage\"},\"thumbnailUrl\":\"https:\\\/\\\/organic-consulting.ro\\\/wp-content\\\/uploads\\\/2023\\\/09\\\/Sedinta-foto-portret-business-Claudia-Gheorghita-1.jpg\",\"datePublished\":\"2023-09-11T14:15:01+00:00\",\"dateModified\":\"2023-09-11T14:24:43+00:00\",\"breadcrumb\":{\"@id\":\"https:\\\/\\\/organic-consulting.ro\\\/cabinet-avocat-claudia-gheorghita\\\/#breadcrumb\"},\"inLanguage\":\"en-GB\",\"potentialAction\":[{\"@type\":\"ReadAction\",\"target\":[\"https:\\\/\\\/organic-consulting.ro\\\/cabinet-avocat-claudia-gheorghita\\\/\"]}]},{\"@type\":\"ImageObject\",\"inLanguage\":\"en-GB\",\"@id\":\"https:\\\/\\\/organic-consulting.ro\\\/cabinet-avocat-claudia-gheorghita\\\/#primaryimage\",\"url\":\"https:\\\/\\\/organic-consulting.ro\\\/wp-content\\\/uploads\\\/2023\\\/09\\\/Sedinta-foto-portret-business-Claudia-Gheorghita-1.jpg\",\"contentUrl\":\"https:\\\/\\\/organic-consulting.ro\\\/wp-content\\\/uploads\\\/2023\\\/09\\\/Sedinta-foto-portret-business-Claudia-Gheorghita-1.jpg\"},{\"@type\":\"BreadcrumbList\",\"@id\":\"https:\\\/\\\/organic-consulting.ro\\\/cabinet-avocat-claudia-gheorghita\\\/#breadcrumb\",\"itemListElement\":[{\"@type\":\"ListItem\",\"position\":1,\"name\":\"Prima pagin\u0103\",\"item\":\"https:\\\/\\\/organic-consulting.ro\\\/\"},{\"@type\":\"ListItem\",\"position\":2,\"name\":\"Cabinet Avocat Claudia Gheorghita\"}]},{\"@type\":\"WebSite\",\"@id\":\"https:\\\/\\\/organic-consulting.ro\\\/#website\",\"url\":\"https:\\\/\\\/organic-consulting.ro\\\/\",\"name\":\"Organic Consulting\",\"description\":\"Servicii consultan\u021b\u0103 juridic\u0103 \u0219i financiar\u0103\",\"publisher\":{\"@id\":\"https:\\\/\\\/organic-consulting.ro\\\/#organization\"},\"potentialAction\":[{\"@type\":\"SearchAction\",\"target\":{\"@type\":\"EntryPoint\",\"urlTemplate\":\"https:\\\/\\\/organic-consulting.ro\\\/?s={search_term_string}\"},\"query-input\":{\"@type\":\"PropertyValueSpecification\",\"valueRequired\":true,\"valueName\":\"search_term_string\"}}],\"inLanguage\":\"en-GB\"},{\"@type\":\"Organization\",\"@id\":\"https:\\\/\\\/organic-consulting.ro\\\/#organization\",\"name\":\"Organic Consulting SRL\",\"url\":\"https:\\\/\\\/organic-consulting.ro\\\/\",\"logo\":{\"@type\":\"ImageObject\",\"inLanguage\":\"en-GB\",\"@id\":\"https:\\\/\\\/organic-consulting.ro\\\/#\\\/schema\\\/logo\\\/image\\\/\",\"url\":\"https:\\\/\\\/organic-consulting.ro\\\/wp-content\\\/uploads\\\/2022\\\/05\\\/Organic-Consulting-logo-NEGRU.png\",\"contentUrl\":\"https:\\\/\\\/organic-consulting.ro\\\/wp-content\\\/uploads\\\/2022\\\/05\\\/Organic-Consulting-logo-NEGRU.png\",\"width\":1131,\"height\":376,\"caption\":\"Organic Consulting SRL\"},\"image\":{\"@id\":\"https:\\\/\\\/organic-consulting.ro\\\/#\\\/schema\\\/logo\\\/image\\\/\"}}]}<\/script>\n<!-- \/ Yoast SEO plugin. -->","yoast_head_json":{"title":"Cabinet Avocat Claudia Gheorghita - Organic Consulting","robots":{"index":"index","follow":"follow","max-snippet":"max-snippet:-1","max-image-preview":"max-image-preview:large","max-video-preview":"max-video-preview:-1"},"canonical":"https:\/\/organic-consulting.ro\/en\/cabinet-avocat-claudia-gheorghita\/","og_locale":"en_GB","og_type":"article","og_title":"Cabinet Avocat Claudia Gheorghita - Organic Consulting","og_description":"Cabinet Avocat Claudia Gheorghita Avocatul este un aliat de \u00eencredere \u00een aceast\u0103 c\u0103l\u0103torie\u00a0de business. Colaborarea cu un avocat poate fi esentiala in numeroase situatii legale. Avocatul\u00a0nostru\u00a0va evalua cazul dumneavoastr\u0103 \u0219i v\u0103 va informa cu privire la op\u021biunile disponibile, precum \u0219i la perspectivele de succes. Aceasta v\u0103 va ajuta s\u0103 lua\u021bi decizii informate \u00een privin\u021ba direc\u021biei [&hellip;]","og_url":"https:\/\/organic-consulting.ro\/en\/cabinet-avocat-claudia-gheorghita\/","og_site_name":"Organic Consulting","article_modified_time":"2023-09-11T14:24:43+00:00","og_image":[{"url":"https:\/\/organic-consulting.ro\/wp-content\/uploads\/2023\/09\/Sedinta-foto-portret-business-Claudia-Gheorghita-1.jpg","type":"","width":"","height":""}],"twitter_card":"summary_large_image","twitter_misc":{"Estimated reading time":"1 minute"},"schema":{"@context":"https:\/\/schema.org","@graph":[{"@type":"WebPage","@id":"https:\/\/organic-consulting.ro\/cabinet-avocat-claudia-gheorghita\/","url":"https:\/\/organic-consulting.ro\/cabinet-avocat-claudia-gheorghita\/","name":"Cabinet Avocat Claudia Gheorghita - Organic Consulting","isPartOf":{"@id":"https:\/\/organic-consulting.ro\/#website"},"primaryImageOfPage":{"@id":"https:\/\/organic-consulting.ro\/cabinet-avocat-claudia-gheorghita\/#primaryimage"},"image":{"@id":"https:\/\/organic-consulting.ro\/cabinet-avocat-claudia-gheorghita\/#primaryimage"},"thumbnailUrl":"https:\/\/organic-consulting.ro\/wp-content\/uploads\/2023\/09\/Sedinta-foto-portret-business-Claudia-Gheorghita-1.jpg","datePublished":"2023-09-11T14:15:01+00:00","dateModified":"2023-09-11T14:24:43+00:00","breadcrumb":{"@id":"https:\/\/organic-consulting.ro\/cabinet-avocat-claudia-gheorghita\/#breadcrumb"},"inLanguage":"en-GB","potentialAction":[{"@type":"ReadAction","target":["https:\/\/organic-consulting.ro\/cabinet-avocat-claudia-gheorghita\/"]}]},{"@type":"ImageObject","inLanguage":"en-GB","@id":"https:\/\/organic-consulting.ro\/cabinet-avocat-claudia-gheorghita\/#primaryimage","url":"https:\/\/organic-consulting.ro\/wp-content\/uploads\/2023\/09\/Sedinta-foto-portret-business-Claudia-Gheorghita-1.jpg","contentUrl":"https:\/\/organic-consulting.ro\/wp-content\/uploads\/2023\/09\/Sedinta-foto-portret-business-Claudia-Gheorghita-1.jpg"},{"@type":"BreadcrumbList","@id":"https:\/\/organic-consulting.ro\/cabinet-avocat-claudia-gheorghita\/#breadcrumb","itemListElement":[{"@type":"ListItem","position":1,"name":"Prima pagin\u0103","item":"https:\/\/organic-consulting.ro\/"},{"@type":"ListItem","position":2,"name":"Cabinet Avocat Claudia Gheorghita"}]},{"@type":"WebSite","@id":"https:\/\/organic-consulting.ro\/#website","url":"https:\/\/organic-consulting.ro\/","name":"Organic Consulting","description":"Servicii consultan\u021b\u0103 juridic\u0103 \u0219i financiar\u0103","publisher":{"@id":"https:\/\/organic-consulting.ro\/#organization"},"potentialAction":[{"@type":"SearchAction","target":{"@type":"EntryPoint","urlTemplate":"https:\/\/organic-consulting.ro\/?s={search_term_string}"},"query-input":{"@type":"PropertyValueSpecification","valueRequired":true,"valueName":"search_term_string"}}],"inLanguage":"en-GB"},{"@type":"Organization","@id":"https:\/\/organic-consulting.ro\/#organization","name":"Organic Consulting SRL","url":"https:\/\/organic-consulting.ro\/","logo":{"@type":"ImageObject","inLanguage":"en-GB","@id":"https:\/\/organic-consulting.ro\/#\/schema\/logo\/image\/","url":"https:\/\/organic-consulting.ro\/wp-content\/uploads\/2022\/05\/Organic-Consulting-logo-NEGRU.png","contentUrl":"https:\/\/organic-consulting.ro\/wp-content\/uploads\/2022\/05\/Organic-Consulting-logo-NEGRU.png","width":1131,"height":376,"caption":"Organic Consulting SRL"},"image":{"@id":"https:\/\/organic-consulting.ro\/#\/schema\/logo\/image\/"}}]}},"_links":{"self":[{"href":"https:\/\/organic-consulting.ro\/en\/wp-json\/wp\/v2\/pages\/1940","targetHints":{"allow":["GET"]}}],"collection":[{"href":"https:\/\/organic-consulting.ro\/en\/wp-json\/wp\/v2\/pages"}],"about":[{"href":"https:\/\/organic-consulting.ro\/en\/wp-json\/wp\/v2\/types\/page"}],"author":[{"embeddable":true,"href":"https:\/\/organic-consulting.ro\/en\/wp-json\/wp\/v2\/users\/1"}],"replies":[{"embeddable":true,"href":"https:\/\/organic-consulting.ro\/en\/wp-json\/wp\/v2\/comments?post=1940"}],"version-history":[{"count":0,"href":"https:\/\/organic-consulting.ro\/en\/wp-json\/wp\/v2\/pages\/1940\/revisions"}],"wp:attachment":[{"href":"https:\/\/organic-consulting.ro\/en\/wp-json\/wp\/v2\/media?parent=1940"}],"curies":[{"name":"wp","href":"https:\/\/api.w.org\/{rel}","templated":true}]}}