{"id":1689,"date":"2023-03-27T06:28:02","date_gmt":"2023-03-27T03:28:02","guid":{"rendered":"https:\/\/organic-consulting.ro\/?page_id=1689"},"modified":"2023-03-27T06:32:11","modified_gmt":"2023-03-27T03:32:11","slug":"rabla-clasic-si-rabla-plus","status":"publish","type":"page","link":"https:\/\/organic-consulting.ro\/en\/fonduri-nerambursabile-old\/rabla-clasic-si-rabla-plus\/","title":{"rendered":"Rabla CLASIC \u0219i Rabla PLUS"},"content":{"rendered":"<div data-elementor-type=\"wp-page\" data-elementor-id=\"1689\" class=\"elementor elementor-1689\" data-elementor-post-type=\"page\">\n\t\t\t\t\t\t<section class=\"elementor-section elementor-top-section elementor-element elementor-element-93bb9bd elementor-section-stretched elementor-section-boxed elementor-section-height-default elementor-section-height-default\" data-id=\"93bb9bd\" data-element_type=\"section\" data-settings=\"{&quot;stretch_section&quot;:&quot;section-stretched&quot;,&quot;background_background&quot;:&quot;classic&quot;}\">\n\t\t\t\t\t\t<div class=\"elementor-container elementor-column-gap-default\">\n\t\t\t\t\t<div class=\"elementor-column elementor-col-50 elementor-top-column elementor-element elementor-element-a364904 elementor-hidden-mobile\" data-id=\"a364904\" data-element_type=\"column\" data-settings=\"{&quot;background_background&quot;:&quot;classic&quot;}\">\n\t\t\t<div class=\"elementor-widget-wrap elementor-element-populated\">\n\t\t\t\t\t\t<div class=\"elementor-element elementor-element-7a4aee9 elementor-align-center elementor-widget elementor-widget-button\" data-id=\"7a4aee9\" data-element_type=\"widget\" data-widget_type=\"button.default\">\n\t\t\t\t<div class=\"elementor-widget-container\">\n\t\t\t\t\t\t\t<div class=\"elementor-button-wrapper\">\n\t\t\t\t\t<a class=\"elementor-button elementor-button-link elementor-size-sm\" href=\"https:\/\/organic-consulting.ro\/en\/contact\/\">\n\t\t\t\t\t\t<span class=\"elementor-button-content-wrapper\">\n\t\t\t\t\t\t\t\t\t<span class=\"elementor-button-text\">CONTACT US!<\/span>\n\t\t\t\t\t<\/span>\n\t\t\t\t\t<\/a>\n\t\t\t\t<\/div>\n\t\t\t\t\t\t<\/div>\n\t\t\t\t<\/div>\n\t\t\t\t\t<\/div>\n\t\t<\/div>\n\t\t\t\t<div class=\"elementor-column elementor-col-50 elementor-top-column elementor-element elementor-element-7bc8654\" data-id=\"7bc8654\" data-element_type=\"column\">\n\t\t\t<div class=\"elementor-widget-wrap elementor-element-populated\">\n\t\t\t\t\t\t<div class=\"elementor-element elementor-element-15a18e2 elementor-widget elementor-widget-heading\" data-id=\"15a18e2\" data-element_type=\"widget\" data-widget_type=\"heading.default\">\n\t\t\t\t<div class=\"elementor-widget-container\">\n\t\t\t<h1 class=\"elementor-heading-title elementor-size-default\">Rabla CLASIC \u0219i Rabla PLUS<\/h1>\t\t<\/div>\n\t\t\t\t<\/div>\n\t\t\t\t<div class=\"elementor-element elementor-element-3f2cc8a elementor-align-left elementor-widget elementor-widget-breadcrumbs\" data-id=\"3f2cc8a\" data-element_type=\"widget\" data-widget_type=\"breadcrumbs.default\">\n\t\t\t\t<div class=\"elementor-widget-container\">\n\t\t\t<p id=\"breadcrumbs\"><span><span><a href=\"https:\/\/organic-consulting.ro\/en\/\">Home page<\/a><\/span><\/span><\/p>\t\t<\/div>\n\t\t\t\t<\/div>\n\t\t\t\t<div class=\"elementor-element elementor-element-d864abe elementor-widget-divider--view-line elementor-widget elementor-widget-divider\" data-id=\"d864abe\" data-element_type=\"widget\" data-widget_type=\"divider.default\">\n\t\t\t\t<div class=\"elementor-widget-container\">\n\t\t\t\t\t<div class=\"elementor-divider\">\n\t\t\t<span class=\"elementor-divider-separator\">\n\t\t\t\t\t\t<\/span>\n\t\t<\/div>\n\t\t\t\t<\/div>\n\t\t\t\t<\/div>\n\t\t\t\t<div class=\"elementor-element elementor-element-f6df9c2 elementor-widget elementor-widget-text-editor\" data-id=\"f6df9c2\" data-element_type=\"widget\" data-widget_type=\"text-editor.default\">\n\t\t\t\t<div class=\"elementor-widget-container\">\n\t\t\t\t\t\t\t<p>Programele se vor desf\u0103\u015fura \u00een dou\u0103 etape, \u00een limita sumelor alocate, prima etap\u0103 fiind organizat\u0103 \u00een perioada 24 martie &#8211; 30 iunie 2023, astfel:<\/p>\t\t\t\t\t\t<\/div>\n\t\t\t\t<\/div>\n\t\t\t\t\t<\/div>\n\t\t<\/div>\n\t\t\t\t\t<\/div>\n\t\t<\/section>\n\t\t\t\t<section class=\"elementor-section elementor-top-section elementor-element elementor-element-e8704e2 elementor-section-stretched elementor-section-boxed elementor-section-height-default elementor-section-height-default\" data-id=\"e8704e2\" data-element_type=\"section\" data-settings=\"{&quot;stretch_section&quot;:&quot;section-stretched&quot;,&quot;background_background&quot;:&quot;classic&quot;}\">\n\t\t\t\t\t\t<div class=\"elementor-container elementor-column-gap-default\">\n\t\t\t\t\t<div class=\"elementor-column elementor-col-50 elementor-top-column elementor-element elementor-element-bc9e3cb\" data-id=\"bc9e3cb\" data-element_type=\"column\">\n\t\t\t<div class=\"elementor-widget-wrap elementor-element-populated\">\n\t\t\t\t\t\t<div class=\"elementor-element elementor-element-9623438 elementor-widget elementor-widget-heading\" data-id=\"9623438\" data-element_type=\"widget\" data-widget_type=\"heading.default\">\n\t\t\t\t<div class=\"elementor-widget-container\">\n\t\t\t<h2 class=\"elementor-heading-title elementor-size-default\">Rabla CLASIC<\/h2>\t\t<\/div>\n\t\t\t\t<\/div>\n\t\t\t\t<div class=\"elementor-element elementor-element-1753c47 elementor-widget-divider--view-line elementor-widget elementor-widget-divider\" data-id=\"1753c47\" data-element_type=\"widget\" data-widget_type=\"divider.default\">\n\t\t\t\t<div class=\"elementor-widget-container\">\n\t\t\t\t\t<div class=\"elementor-divider\">\n\t\t\t<span class=\"elementor-divider-separator\">\n\t\t\t\t\t\t<\/span>\n\t\t<\/div>\n\t\t\t\t<\/div>\n\t\t\t\t<\/div>\n\t\t\t\t<div class=\"elementor-element elementor-element-a76ada4 elementor-widget elementor-widget-text-editor\" data-id=\"a76ada4\" data-element_type=\"widget\" data-widget_type=\"text-editor.default\">\n\t\t\t\t<div class=\"elementor-widget-container\">\n\t\t\t\t\t\t\t<ul><li>Persoane juridice &#8211; 130.000.000 lei<\/li><li>Persoane fizice &#8211; 235.000.000 lei<\/li><li>Unit\u0103\u021bi administrativ teritoriale \u015fi institu\u0163ii publice &#8211; 27.000.000 lei<\/li><\/ul>\t\t\t\t\t\t<\/div>\n\t\t\t\t<\/div>\n\t\t\t\t\t<\/div>\n\t\t<\/div>\n\t\t\t\t<div class=\"elementor-column elementor-col-50 elementor-top-column elementor-element elementor-element-da9baed\" data-id=\"da9baed\" data-element_type=\"column\">\n\t\t\t<div class=\"elementor-widget-wrap elementor-element-populated\">\n\t\t\t\t\t\t<div class=\"elementor-element elementor-element-b951df8 elementor-widget elementor-widget-heading\" data-id=\"b951df8\" data-element_type=\"widget\" data-widget_type=\"heading.default\">\n\t\t\t\t<div class=\"elementor-widget-container\">\n\t\t\t<h2 class=\"elementor-heading-title elementor-size-default\">Rabla PLUS<\/h2>\t\t<\/div>\n\t\t\t\t<\/div>\n\t\t\t\t<div class=\"elementor-element elementor-element-ba0de3b elementor-widget-divider--view-line elementor-widget elementor-widget-divider\" data-id=\"ba0de3b\" data-element_type=\"widget\" data-widget_type=\"divider.default\">\n\t\t\t\t<div class=\"elementor-widget-container\">\n\t\t\t\t\t<div class=\"elementor-divider\">\n\t\t\t<span class=\"elementor-divider-separator\">\n\t\t\t\t\t\t<\/span>\n\t\t<\/div>\n\t\t\t\t<\/div>\n\t\t\t\t<\/div>\n\t\t\t\t<div class=\"elementor-element elementor-element-d25259a elementor-widget elementor-widget-text-editor\" data-id=\"d25259a\" data-element_type=\"widget\" data-widget_type=\"text-editor.default\">\n\t\t\t\t<div class=\"elementor-widget-container\">\n\t\t\t\t\t\t\t<ul><li>Persoane juridice &#8211; 200.000.000 lei<\/li><li>Persoane fizice &#8211; 300.000.000 lei<\/li><li>Unit\u0103\u021bi administrative \u015fi institu\u0163ii publice &#8211; 46.000.000 lei<\/li><\/ul>\t\t\t\t\t\t<\/div>\n\t\t\t\t<\/div>\n\t\t\t\t\t<\/div>\n\t\t<\/div>\n\t\t\t\t\t<\/div>\n\t\t<\/section>\n\t\t\t\t<section class=\"elementor-section elementor-top-section elementor-element elementor-element-edcfde3 elementor-section-stretched elementor-section-boxed elementor-section-height-default elementor-section-height-default\" data-id=\"edcfde3\" data-element_type=\"section\" data-settings=\"{&quot;stretch_section&quot;:&quot;section-stretched&quot;,&quot;background_background&quot;:&quot;classic&quot;}\">\n\t\t\t\t\t\t<div class=\"elementor-container elementor-column-gap-default\">\n\t\t\t\t\t<div class=\"elementor-column elementor-col-100 elementor-top-column elementor-element elementor-element-aec9ee1\" data-id=\"aec9ee1\" data-element_type=\"column\" data-settings=\"{&quot;background_background&quot;:&quot;classic&quot;}\">\n\t\t\t<div class=\"elementor-widget-wrap elementor-element-populated\">\n\t\t\t\t\t\t<section class=\"elementor-section elementor-inner-section elementor-element elementor-element-7a9db88 elementor-section-boxed elementor-section-height-default elementor-section-height-default\" data-id=\"7a9db88\" data-element_type=\"section\">\n\t\t\t\t\t\t<div class=\"elementor-container elementor-column-gap-default\">\n\t\t\t\t\t<div class=\"elementor-column elementor-col-50 elementor-inner-column elementor-element elementor-element-6b57c41\" data-id=\"6b57c41\" data-element_type=\"column\">\n\t\t\t<div class=\"elementor-widget-wrap elementor-element-populated\">\n\t\t\t\t\t\t<div class=\"elementor-element elementor-element-258588c elementor-widget elementor-widget-heading\" data-id=\"258588c\" data-element_type=\"widget\" data-widget_type=\"heading.default\">\n\t\t\t\t<div class=\"elementor-widget-container\">\n\t\t\t<h2 class=\"elementor-heading-title elementor-size-default\">Rabla Clasic 2023<\/h2>\t\t<\/div>\n\t\t\t\t<\/div>\n\t\t\t\t<div class=\"elementor-element elementor-element-8eba373 elementor-widget elementor-widget-text-editor\" data-id=\"8eba373\" data-element_type=\"widget\" data-widget_type=\"text-editor.default\">\n\t\t\t\t<div class=\"elementor-widget-container\">\n\t\t\t\t\t\t\t<ul><li>Pentru Programul Rabla Clasic, prima de casare a fost majorat\u0103 la 7.000 lei, respectiv 10.000 lei \u00een cazul pred\u0103rii a dou\u0103 autovehicule uzate.<\/li><\/ul><p id=\"m_58055768369169214637\">La prima de casare se pot ad\u0103uga urm\u0103toarele ecobonusuri, astfel:<\/p><ul><li>ecobonus \u00een valoare de 1.500 lei, pentru autovehiculul nou, except\u00e2nd motocicletele, al c\u0103rui sistem de propulsie genereaz\u0103 maximum 120 g CO2\/km \u00een sistem WLTP;<\/li><li>ecobonus \u00een valoare de 1.500 lei, pentru autovehiculul nou, except\u00e2nd motocicletele, echipat cu motorizare GPL\/GNC;<\/li><li>ecobonus \u00een valoare de 3.000 lei la achizi\u0163ionarea unui autovehicul nou, except\u00e2nd motocicletele, echipat cu sistem de propulsie hibrid;<\/li><li>ecobonus \u00een valoare de 1.500 lei, pentru casarea fiec\u0103rui autovehicul uzat cu o vechime de cel pu\u0163in 15 ani de la data fabrica\u0163iei \u015fi\/sau care are norma de poluare Euro 3 sau inferioar\u0103.<\/li><li>Pentru achizi\u0163ionarea de motociclete noi al c\u0103ror sistem de propulsie genereaz\u0103 maximum 120 g CO_2\/km \u00een sistem WMTC, \u00een schimbul pred\u0103rii spre casare a unui autovehicul uzat, se acord\u0103 o prim\u0103 de casare de 7.000 lei, la care se pot ad\u0103uga:<\/li><li>ecobonus \u00een valoare de 1.500 lei, pentru autovehiculul nou motociclet\u0103 al c\u0103rui sistem de propulsie genereaz\u0103 maximum 90 g CO2\/km \u00een sistem WMTC;<\/li><li>ecobonus \u00een valoare de 1.500 lei, pentru casarea unui autovehicul uzat cu o vechime de cel pu\u0163in 15 ani de la data fabrica\u0163iei \u015fi\/sau care are norma de poluare Euro 3 sau inferioar\u0103.<\/li><\/ul>\t\t\t\t\t\t<\/div>\n\t\t\t\t<\/div>\n\t\t\t\t\t<\/div>\n\t\t<\/div>\n\t\t\t\t<div class=\"elementor-column elementor-col-50 elementor-inner-column elementor-element elementor-element-b2b91ca\" data-id=\"b2b91ca\" data-element_type=\"column\">\n\t\t\t<div class=\"elementor-widget-wrap elementor-element-populated\">\n\t\t\t\t\t\t<div class=\"elementor-element elementor-element-08f4e33 elementor-widget elementor-widget-heading\" data-id=\"08f4e33\" data-element_type=\"widget\" data-widget_type=\"heading.default\">\n\t\t\t\t<div class=\"elementor-widget-container\">\n\t\t\t<h2 class=\"elementor-heading-title elementor-size-default\">Rabla Plus 2023<\/h2>\t\t<\/div>\n\t\t\t\t<\/div>\n\t\t\t\t<div class=\"elementor-element elementor-element-81ee277 elementor-widget elementor-widget-text-editor\" data-id=\"81ee277\" data-element_type=\"widget\" data-widget_type=\"text-editor.default\">\n\t\t\t\t<div class=\"elementor-widget-container\">\n\t\t\t\t\t\t\t<p id=\"m_58055768369169214638\">Prin Programul Rabla Plus, solicitantul beneficiaz\u0103 de ecotichet la achizi\u0163ionarea unui autovehicul nou \u00een schimbul pred\u0103rii spre casare a cel pu\u0163in unui autovehicul uzat. Se pot preda spre casare maximum dou\u0103 autovehicule uzate.<\/p><p id=\"m_58055768369169214639\">Cuantumul finan\u0163\u0103rii este de:<\/p><ul><li>51.000 de lei pentru un autovehicul nou pur electric sau a unui autovehicul nou cu pil\u0103 de combustie cu hidrogen \u015fi 26.000 de lei pentru un autovehicul nou electric hibrid plug-in, except\u00e2nd motocicleta, care genereaz\u0103 maximum 80 g CO2\/km \u00een sistem WLTP, \u00een schimbul cas\u0103rii unui autovehicul uzat;<\/li><li>54.000 de lei pentru un autovehicul nou pur electric sau a unui autovehicul nou cu pil\u0103 de combustie cu hidrogen \u015fi 29.000 de lei pentru un autovehicul electric hibrid plug-in, care genereaz\u0103 maximum 80 g CO2\/km \u00een sistem WLTP, pentru achizi\u0163ionarea unui autovehicul nou, \u00een schimbul cas\u0103rii a dou\u0103 autovehicule uzate;<\/li><li>pentru fiecare autovehicul uzat mai vechi de 15 ani \u015fi\/sau care are norma de poluare Euro 3 sau inferioar\u0103 casat, se ad\u0103ug\u0103 un ecobonus de 1.500 lei.<\/li><li>Ecotichetul se acord\u0103 pentru achizi\u0163ionarea unui autovehicul electric a c\u0103rui valoare nu dep\u0103\u015fe\u015fte suma de 75.000 euro, cu TVA inclus.<\/li><li>Ecotichetul pentru achizi\u0163ionarea unei motociclete electrice este 26.000 lei, la care se poate ad\u0103uga un ecobonus \u00een valoare de 1.500 lei, pentru casarea unui autovehicul uzat cu o vechime de cel pu\u0163in 15 ani de la data fabrica\u0163iei \u015fi\/sau care are norma de poluare Euro 3 sau inferioar\u0103.<\/li><\/ul>\t\t\t\t\t\t<\/div>\n\t\t\t\t<\/div>\n\t\t\t\t\t<\/div>\n\t\t<\/div>\n\t\t\t\t\t<\/div>\n\t\t<\/section>\n\t\t\t\t\t<\/div>\n\t\t<\/div>\n\t\t\t\t\t<\/div>\n\t\t<\/section>\n\t\t\t\t<section class=\"elementor-section elementor-top-section elementor-element elementor-element-c1fe8e2 elementor-section-stretched elementor-section-boxed elementor-section-height-default elementor-section-height-default\" data-id=\"c1fe8e2\" data-element_type=\"section\" data-settings=\"{&quot;stretch_section&quot;:&quot;section-stretched&quot;,&quot;background_background&quot;:&quot;classic&quot;}\">\n\t\t\t\t\t\t<div class=\"elementor-container elementor-column-gap-default\">\n\t\t\t\t\t<div class=\"elementor-column elementor-col-100 elementor-top-column elementor-element elementor-element-2869f14\" data-id=\"2869f14\" data-element_type=\"column\">\n\t\t\t<div class=\"elementor-widget-wrap elementor-element-populated\">\n\t\t\t\t\t\t<div class=\"elementor-element elementor-element-2c70b13 elementor-widget elementor-widget-spacer\" data-id=\"2c70b13\" data-element_type=\"widget\" data-widget_type=\"spacer.default\">\n\t\t\t\t<div class=\"elementor-widget-container\">\n\t\t\t\t\t<div class=\"elementor-spacer\">\n\t\t\t<div class=\"elementor-spacer-inner\"><\/div>\n\t\t<\/div>\n\t\t\t\t<\/div>\n\t\t\t\t<\/div>\n\t\t\t\t<div class=\"elementor-element elementor-element-d6471d7 elementor-widget elementor-widget-text-editor\" data-id=\"d6471d7\" data-element_type=\"widget\" data-widget_type=\"text-editor.default\">\n\t\t\t\t<div class=\"elementor-widget-container\">\n\t\t\t\t\t\t\t<p><a href=\"https:\/\/www.afm.ro\/main\/programe\/vehicule_electrice\/2023\/ghid-rabla_plus-2023_03_22.pdf\" target=\"_blank\" rel=\"noopener\" data-saferedirecturl=\"https:\/\/www.google.com\/url?q=https:\/\/www.afm.ro\/main\/programe\/vehicule_electrice\/2023\/ghid-rabla_plus-2023_03_22.pdf&amp;source=gmail&amp;ust=1679972678287000&amp;usg=AOvVaw0GXhfz-eglGu_uJd_Av1UR\"><b>ORDIN nr. 783 din 22 martie 2023<\/b>\u00a0pentru modificarea \u0219i completarea Ghidului de finan\u021bare a Programului privind reducerea emisiilor de gaze cu efect de ser\u0103 \u00een transporturi, prin promovarea vehiculelor de transport rutier nepoluante \u0219i eficiente din punct de vedere energetic, 2020\u20142024, aprobat prin Ordinul ministrului mediului, apelor \u0219i p\u0103durilor nr. 323\/2020 &#8211; publicat la 22.03.2022<\/a><\/p>\t\t\t\t\t\t<\/div>\n\t\t\t\t<\/div>\n\t\t\t\t<div class=\"elementor-element elementor-element-b6ff3d2 elementor-align-center elementor-widget elementor-widget-button\" data-id=\"b6ff3d2\" data-element_type=\"widget\" data-widget_type=\"button.default\">\n\t\t\t\t<div class=\"elementor-widget-container\">\n\t\t\t\t\t\t\t<div class=\"elementor-button-wrapper\">\n\t\t\t\t\t<a class=\"elementor-button elementor-button-link elementor-size-sm\" href=\"https:\/\/organic-consulting.ro\/en\/contact\/\">\n\t\t\t\t\t\t<span class=\"elementor-button-content-wrapper\">\n\t\t\t\t\t\t\t\t\t<span class=\"elementor-button-text\">CONTACT US NOW!<\/span>\n\t\t\t\t\t<\/span>\n\t\t\t\t\t<\/a>\n\t\t\t\t<\/div>\n\t\t\t\t\t\t<\/div>\n\t\t\t\t<\/div>\n\t\t\t\t\t<\/div>\n\t\t<\/div>\n\t\t\t\t\t<\/div>\n\t\t<\/section>\n\t\t\t\t<\/div>","protected":false},"excerpt":{"rendered":"<p>CONTACTEAZA-NE! Rabla CLASIC \u0219i Rabla PLUS Programele se vor desf\u0103\u015fura \u00een dou\u0103 etape, \u00een limita sumelor alocate, prima etap\u0103 fiind organizat\u0103 \u00een perioada 24 martie &#8211; 30 iunie 2023, astfel: Rabla CLASIC Persoane juridice &#8211; 130.000.000 lei Persoane fizice &#8211; 235.000.000 lei Unit\u0103\u021bi administrativ teritoriale \u015fi institu\u0163ii publice &#8211; 27.000.000 lei Rabla PLUS Persoane juridice [&hellip;]<\/p>\n","protected":false},"author":1,"featured_media":0,"parent":1178,"menu_order":0,"comment_status":"closed","ping_status":"closed","template":"elementor_header_footer","meta":{"footnotes":""},"class_list":["post-1689","page","type-page","status-publish","hentry"],"yoast_head":"<!-- This site is optimized with the Yoast SEO plugin v27.4 - https:\/\/yoast.com\/product\/yoast-seo-wordpress\/ -->\n<title>Rabla CLASIC \u0219i Rabla PLUS - Organic Consulting<\/title>\n<meta name=\"robots\" content=\"index, follow, max-snippet:-1, max-image-preview:large, max-video-preview:-1\" \/>\n<link rel=\"canonical\" href=\"https:\/\/organic-consulting.ro\/en\/fonduri-nerambursabile-old\/rabla-clasic-si-rabla-plus\/\" \/>\n<meta property=\"og:locale\" content=\"en_GB\" \/>\n<meta property=\"og:type\" content=\"article\" \/>\n<meta property=\"og:title\" content=\"Rabla CLASIC \u0219i Rabla PLUS - Organic Consulting\" \/>\n<meta property=\"og:description\" content=\"CONTACTEAZA-NE! Rabla CLASIC \u0219i Rabla PLUS Programele se vor desf\u0103\u015fura \u00een dou\u0103 etape, \u00een limita sumelor alocate, prima etap\u0103 fiind organizat\u0103 \u00een perioada 24 martie &#8211; 30 iunie 2023, astfel: Rabla CLASIC Persoane juridice &#8211; 130.000.000 lei Persoane fizice &#8211; 235.000.000 lei Unit\u0103\u021bi administrativ teritoriale \u015fi institu\u0163ii publice &#8211; 27.000.000 lei Rabla PLUS Persoane juridice [&hellip;]\" \/>\n<meta property=\"og:url\" content=\"https:\/\/organic-consulting.ro\/en\/fonduri-nerambursabile-old\/rabla-clasic-si-rabla-plus\/\" \/>\n<meta property=\"og:site_name\" content=\"Organic Consulting\" \/>\n<meta property=\"article:modified_time\" content=\"2023-03-27T03:32:11+00:00\" \/>\n<meta name=\"twitter:card\" content=\"summary_large_image\" \/>\n<meta name=\"twitter:label1\" content=\"Estimated reading time\" \/>\n\t<meta name=\"twitter:data1\" content=\"4 minutes\" \/>\n<script type=\"application\/ld+json\" class=\"yoast-schema-graph\">{\"@context\":\"https:\\\/\\\/schema.org\",\"@graph\":[{\"@type\":\"WebPage\",\"@id\":\"https:\\\/\\\/organic-consulting.ro\\\/fonduri-nerambursabile-old\\\/rabla-clasic-si-rabla-plus\\\/\",\"url\":\"https:\\\/\\\/organic-consulting.ro\\\/fonduri-nerambursabile-old\\\/rabla-clasic-si-rabla-plus\\\/\",\"name\":\"Rabla CLASIC \u0219i Rabla PLUS - Organic Consulting\",\"isPartOf\":{\"@id\":\"https:\\\/\\\/organic-consulting.ro\\\/#website\"},\"datePublished\":\"2023-03-27T03:28:02+00:00\",\"dateModified\":\"2023-03-27T03:32:11+00:00\",\"breadcrumb\":{\"@id\":\"https:\\\/\\\/organic-consulting.ro\\\/fonduri-nerambursabile-old\\\/rabla-clasic-si-rabla-plus\\\/#breadcrumb\"},\"inLanguage\":\"en-GB\",\"potentialAction\":[{\"@type\":\"ReadAction\",\"target\":[\"https:\\\/\\\/organic-consulting.ro\\\/fonduri-nerambursabile-old\\\/rabla-clasic-si-rabla-plus\\\/\"]}]},{\"@type\":\"BreadcrumbList\",\"@id\":\"https:\\\/\\\/organic-consulting.ro\\\/fonduri-nerambursabile-old\\\/rabla-clasic-si-rabla-plus\\\/#breadcrumb\",\"itemListElement\":[{\"@type\":\"ListItem\",\"position\":1,\"name\":\"Prima pagin\u0103\",\"item\":\"https:\\\/\\\/organic-consulting.ro\\\/\"},{\"@type\":\"ListItem\",\"position\":2,\"name\":\"Fonduri nerambursabile\",\"item\":\"https:\\\/\\\/organic-consulting.ro\\\/fonduri-nerambursabile-old\\\/\"},{\"@type\":\"ListItem\",\"position\":3,\"name\":\"Rabla CLASIC \u0219i Rabla PLUS\"}]},{\"@type\":\"WebSite\",\"@id\":\"https:\\\/\\\/organic-consulting.ro\\\/#website\",\"url\":\"https:\\\/\\\/organic-consulting.ro\\\/\",\"name\":\"Organic Consulting\",\"description\":\"Servicii consultan\u021b\u0103 juridic\u0103 \u0219i financiar\u0103\",\"publisher\":{\"@id\":\"https:\\\/\\\/organic-consulting.ro\\\/#organization\"},\"potentialAction\":[{\"@type\":\"SearchAction\",\"target\":{\"@type\":\"EntryPoint\",\"urlTemplate\":\"https:\\\/\\\/organic-consulting.ro\\\/?s={search_term_string}\"},\"query-input\":{\"@type\":\"PropertyValueSpecification\",\"valueRequired\":true,\"valueName\":\"search_term_string\"}}],\"inLanguage\":\"en-GB\"},{\"@type\":\"Organization\",\"@id\":\"https:\\\/\\\/organic-consulting.ro\\\/#organization\",\"name\":\"Organic Consulting SRL\",\"url\":\"https:\\\/\\\/organic-consulting.ro\\\/\",\"logo\":{\"@type\":\"ImageObject\",\"inLanguage\":\"en-GB\",\"@id\":\"https:\\\/\\\/organic-consulting.ro\\\/#\\\/schema\\\/logo\\\/image\\\/\",\"url\":\"https:\\\/\\\/organic-consulting.ro\\\/wp-content\\\/uploads\\\/2022\\\/05\\\/Organic-Consulting-logo-NEGRU.png\",\"contentUrl\":\"https:\\\/\\\/organic-consulting.ro\\\/wp-content\\\/uploads\\\/2022\\\/05\\\/Organic-Consulting-logo-NEGRU.png\",\"width\":1131,\"height\":376,\"caption\":\"Organic Consulting SRL\"},\"image\":{\"@id\":\"https:\\\/\\\/organic-consulting.ro\\\/#\\\/schema\\\/logo\\\/image\\\/\"}}]}<\/script>\n<!-- \/ Yoast SEO plugin. -->","yoast_head_json":{"title":"Rabla CLASIC \u0219i Rabla PLUS - Organic Consulting","robots":{"index":"index","follow":"follow","max-snippet":"max-snippet:-1","max-image-preview":"max-image-preview:large","max-video-preview":"max-video-preview:-1"},"canonical":"https:\/\/organic-consulting.ro\/en\/fonduri-nerambursabile-old\/rabla-clasic-si-rabla-plus\/","og_locale":"en_GB","og_type":"article","og_title":"Rabla CLASIC \u0219i Rabla PLUS - Organic Consulting","og_description":"CONTACTEAZA-NE! Rabla CLASIC \u0219i Rabla PLUS Programele se vor desf\u0103\u015fura \u00een dou\u0103 etape, \u00een limita sumelor alocate, prima etap\u0103 fiind organizat\u0103 \u00een perioada 24 martie &#8211; 30 iunie 2023, astfel: Rabla CLASIC Persoane juridice &#8211; 130.000.000 lei Persoane fizice &#8211; 235.000.000 lei Unit\u0103\u021bi administrativ teritoriale \u015fi institu\u0163ii publice &#8211; 27.000.000 lei Rabla PLUS Persoane juridice [&hellip;]","og_url":"https:\/\/organic-consulting.ro\/en\/fonduri-nerambursabile-old\/rabla-clasic-si-rabla-plus\/","og_site_name":"Organic Consulting","article_modified_time":"2023-03-27T03:32:11+00:00","twitter_card":"summary_large_image","twitter_misc":{"Estimated reading time":"4 minutes"},"schema":{"@context":"https:\/\/schema.org","@graph":[{"@type":"WebPage","@id":"https:\/\/organic-consulting.ro\/fonduri-nerambursabile-old\/rabla-clasic-si-rabla-plus\/","url":"https:\/\/organic-consulting.ro\/fonduri-nerambursabile-old\/rabla-clasic-si-rabla-plus\/","name":"Rabla CLASIC \u0219i Rabla PLUS - Organic Consulting","isPartOf":{"@id":"https:\/\/organic-consulting.ro\/#website"},"datePublished":"2023-03-27T03:28:02+00:00","dateModified":"2023-03-27T03:32:11+00:00","breadcrumb":{"@id":"https:\/\/organic-consulting.ro\/fonduri-nerambursabile-old\/rabla-clasic-si-rabla-plus\/#breadcrumb"},"inLanguage":"en-GB","potentialAction":[{"@type":"ReadAction","target":["https:\/\/organic-consulting.ro\/fonduri-nerambursabile-old\/rabla-clasic-si-rabla-plus\/"]}]},{"@type":"BreadcrumbList","@id":"https:\/\/organic-consulting.ro\/fonduri-nerambursabile-old\/rabla-clasic-si-rabla-plus\/#breadcrumb","itemListElement":[{"@type":"ListItem","position":1,"name":"Prima pagin\u0103","item":"https:\/\/organic-consulting.ro\/"},{"@type":"ListItem","position":2,"name":"Fonduri nerambursabile","item":"https:\/\/organic-consulting.ro\/fonduri-nerambursabile-old\/"},{"@type":"ListItem","position":3,"name":"Rabla CLASIC \u0219i Rabla PLUS"}]},{"@type":"WebSite","@id":"https:\/\/organic-consulting.ro\/#website","url":"https:\/\/organic-consulting.ro\/","name":"Organic Consulting","description":"Servicii consultan\u021b\u0103 juridic\u0103 \u0219i financiar\u0103","publisher":{"@id":"https:\/\/organic-consulting.ro\/#organization"},"potentialAction":[{"@type":"SearchAction","target":{"@type":"EntryPoint","urlTemplate":"https:\/\/organic-consulting.ro\/?s={search_term_string}"},"query-input":{"@type":"PropertyValueSpecification","valueRequired":true,"valueName":"search_term_string"}}],"inLanguage":"en-GB"},{"@type":"Organization","@id":"https:\/\/organic-consulting.ro\/#organization","name":"Organic Consulting SRL","url":"https:\/\/organic-consulting.ro\/","logo":{"@type":"ImageObject","inLanguage":"en-GB","@id":"https:\/\/organic-consulting.ro\/#\/schema\/logo\/image\/","url":"https:\/\/organic-consulting.ro\/wp-content\/uploads\/2022\/05\/Organic-Consulting-logo-NEGRU.png","contentUrl":"https:\/\/organic-consulting.ro\/wp-content\/uploads\/2022\/05\/Organic-Consulting-logo-NEGRU.png","width":1131,"height":376,"caption":"Organic Consulting SRL"},"image":{"@id":"https:\/\/organic-consulting.ro\/#\/schema\/logo\/image\/"}}]}},"_links":{"self":[{"href":"https:\/\/organic-consulting.ro\/en\/wp-json\/wp\/v2\/pages\/1689","targetHints":{"allow":["GET"]}}],"collection":[{"href":"https:\/\/organic-consulting.ro\/en\/wp-json\/wp\/v2\/pages"}],"about":[{"href":"https:\/\/organic-consulting.ro\/en\/wp-json\/wp\/v2\/types\/page"}],"author":[{"embeddable":true,"href":"https:\/\/organic-consulting.ro\/en\/wp-json\/wp\/v2\/users\/1"}],"replies":[{"embeddable":true,"href":"https:\/\/organic-consulting.ro\/en\/wp-json\/wp\/v2\/comments?post=1689"}],"version-history":[{"count":0,"href":"https:\/\/organic-consulting.ro\/en\/wp-json\/wp\/v2\/pages\/1689\/revisions"}],"up":[{"embeddable":true,"href":"https:\/\/organic-consulting.ro\/en\/wp-json\/wp\/v2\/pages\/1178"}],"wp:attachment":[{"href":"https:\/\/organic-consulting.ro\/en\/wp-json\/wp\/v2\/media?parent=1689"}],"curies":[{"name":"wp","href":"https:\/\/api.w.org\/{rel}","templated":true}]}}