{"id":1192,"date":"2022-07-13T14:56:28","date_gmt":"2022-07-13T11:56:28","guid":{"rendered":"https:\/\/organic-consulting.ro\/?page_id=1192"},"modified":"2022-07-13T16:57:18","modified_gmt":"2022-07-13T13:57:18","slug":"granturi-digitalizare","status":"publish","type":"page","link":"https:\/\/organic-consulting.ro\/en\/fonduri-nerambursabile-old\/granturi-digitalizare\/","title":{"rendered":"DIGITALIZATION Grants"},"content":{"rendered":"<div data-elementor-type=\"wp-page\" data-elementor-id=\"1192\" class=\"elementor elementor-1192\" data-elementor-post-type=\"page\">\n\t\t\t\t\t\t<section class=\"elementor-section elementor-top-section elementor-element elementor-element-cdebf6d elementor-section-stretched elementor-section-boxed elementor-section-height-default elementor-section-height-default\" data-id=\"cdebf6d\" data-element_type=\"section\" data-settings=\"{&quot;stretch_section&quot;:&quot;section-stretched&quot;,&quot;background_background&quot;:&quot;classic&quot;}\">\n\t\t\t\t\t\t<div class=\"elementor-container elementor-column-gap-default\">\n\t\t\t\t\t<div class=\"elementor-column elementor-col-50 elementor-top-column elementor-element elementor-element-b0be420 elementor-hidden-mobile\" data-id=\"b0be420\" data-element_type=\"column\" data-settings=\"{&quot;background_background&quot;:&quot;classic&quot;}\">\n\t\t\t<div class=\"elementor-widget-wrap elementor-element-populated\">\n\t\t\t\t\t\t<div class=\"elementor-element elementor-element-90d343d elementor-align-center elementor-widget elementor-widget-button\" data-id=\"90d343d\" data-element_type=\"widget\" data-widget_type=\"button.default\">\n\t\t\t\t<div class=\"elementor-widget-container\">\n\t\t\t\t\t\t\t<div class=\"elementor-button-wrapper\">\n\t\t\t\t\t<a class=\"elementor-button elementor-button-link elementor-size-sm\" href=\"https:\/\/organic-consulting.ro\/en\/contact\/\">\n\t\t\t\t\t\t<span class=\"elementor-button-content-wrapper\">\n\t\t\t\t\t\t\t\t\t<span class=\"elementor-button-text\">CONTACT US!<\/span>\n\t\t\t\t\t<\/span>\n\t\t\t\t\t<\/a>\n\t\t\t\t<\/div>\n\t\t\t\t\t\t<\/div>\n\t\t\t\t<\/div>\n\t\t\t\t\t<\/div>\n\t\t<\/div>\n\t\t\t\t<div class=\"elementor-column elementor-col-50 elementor-top-column elementor-element elementor-element-e30ccf8\" data-id=\"e30ccf8\" data-element_type=\"column\">\n\t\t\t<div class=\"elementor-widget-wrap elementor-element-populated\">\n\t\t\t\t\t\t<div class=\"elementor-element elementor-element-f410990 elementor-widget elementor-widget-heading\" data-id=\"f410990\" data-element_type=\"widget\" data-widget_type=\"heading.default\">\n\t\t\t\t<div class=\"elementor-widget-container\">\n\t\t\t<h1 class=\"elementor-heading-title elementor-size-default\">DIGITALIZATION Grants<\/h1>\t\t<\/div>\n\t\t\t\t<\/div>\n\t\t\t\t<div class=\"elementor-element elementor-element-30e4b24 elementor-align-left elementor-widget elementor-widget-breadcrumbs\" data-id=\"30e4b24\" data-element_type=\"widget\" data-widget_type=\"breadcrumbs.default\">\n\t\t\t\t<div class=\"elementor-widget-container\">\n\t\t\t<p id=\"breadcrumbs\"><span><span><a href=\"https:\/\/organic-consulting.ro\/en\/\">Home page<\/a><\/span><\/span><\/p>\t\t<\/div>\n\t\t\t\t<\/div>\n\t\t\t\t<div class=\"elementor-element elementor-element-4d13d11 elementor-widget-divider--view-line elementor-widget elementor-widget-divider\" data-id=\"4d13d11\" data-element_type=\"widget\" data-widget_type=\"divider.default\">\n\t\t\t\t<div class=\"elementor-widget-container\">\n\t\t\t\t\t<div class=\"elementor-divider\">\n\t\t\t<span class=\"elementor-divider-separator\">\n\t\t\t\t\t\t<\/span>\n\t\t<\/div>\n\t\t\t\t<\/div>\n\t\t\t\t<\/div>\n\t\t\t\t\t<\/div>\n\t\t<\/div>\n\t\t\t\t\t<\/div>\n\t\t<\/section>\n\t\t\t\t<section class=\"elementor-section elementor-top-section elementor-element elementor-element-92bd569 elementor-section-stretched elementor-section-boxed elementor-section-height-default elementor-section-height-default\" data-id=\"92bd569\" data-element_type=\"section\" data-settings=\"{&quot;stretch_section&quot;:&quot;section-stretched&quot;,&quot;background_background&quot;:&quot;classic&quot;}\">\n\t\t\t\t\t\t<div class=\"elementor-container elementor-column-gap-default\">\n\t\t\t\t\t<div class=\"elementor-column elementor-col-100 elementor-top-column elementor-element elementor-element-d287503\" data-id=\"d287503\" data-element_type=\"column\">\n\t\t\t<div class=\"elementor-widget-wrap elementor-element-populated\">\n\t\t\t\t\t\t<div class=\"elementor-element elementor-element-c788cb0 elementor-widget elementor-widget-heading\" data-id=\"c788cb0\" data-element_type=\"widget\" data-widget_type=\"heading.default\">\n\t\t\t\t<div class=\"elementor-widget-container\">\n\t\t\t<h2 class=\"elementor-heading-title elementor-size-default\">Eligible applicants:<\/h2>\t\t<\/div>\n\t\t\t\t<\/div>\n\t\t\t\t<div class=\"elementor-element elementor-element-f95ec5d elementor-widget-divider--view-line elementor-widget elementor-widget-divider\" data-id=\"f95ec5d\" data-element_type=\"widget\" data-widget_type=\"divider.default\">\n\t\t\t\t<div class=\"elementor-widget-container\">\n\t\t\t\t\t<div class=\"elementor-divider\">\n\t\t\t<span class=\"elementor-divider-separator\">\n\t\t\t\t\t\t<\/span>\n\t\t<\/div>\n\t\t\t\t<\/div>\n\t\t\t\t<\/div>\n\t\t\t\t<div class=\"elementor-element elementor-element-1ab6504 elementor-widget elementor-widget-text-editor\" data-id=\"1ab6504\" data-element_type=\"widget\" data-widget_type=\"text-editor.default\">\n\t\t\t\t<div class=\"elementor-widget-container\">\n\t\t\t\t\t\t\t<p>SMEs, microenterprises with registered office in Romania, without debts to the state budget<\/p><p>Areas of activity\u00a0<span style=\"text-decoration: underline;\">excluded<\/span>: enterprises with activity (authorized NACE code) in the IT sector, agriculture, Food Industry.<\/p>\t\t\t\t\t\t<\/div>\n\t\t\t\t<\/div>\n\t\t\t\t\t<\/div>\n\t\t<\/div>\n\t\t\t\t\t<\/div>\n\t\t<\/section>\n\t\t\t\t<section class=\"elementor-section elementor-top-section elementor-element elementor-element-745ffc4 elementor-section-stretched elementor-section-boxed elementor-section-height-default elementor-section-height-default\" data-id=\"745ffc4\" data-element_type=\"section\" data-settings=\"{&quot;stretch_section&quot;:&quot;section-stretched&quot;,&quot;background_background&quot;:&quot;classic&quot;}\">\n\t\t\t\t\t\t<div class=\"elementor-container elementor-column-gap-default\">\n\t\t\t\t\t<div class=\"elementor-column elementor-col-50 elementor-top-column elementor-element elementor-element-711a8c9\" data-id=\"711a8c9\" data-element_type=\"column\">\n\t\t\t<div class=\"elementor-widget-wrap elementor-element-populated\">\n\t\t\t\t\t\t<div class=\"elementor-element elementor-element-1af7923 elementor-widget elementor-widget-heading\" data-id=\"1af7923\" data-element_type=\"widget\" data-widget_type=\"heading.default\">\n\t\t\t\t<div class=\"elementor-widget-container\">\n\t\t\t<h2 class=\"elementor-heading-title elementor-size-default\">The applicant has the financial capacity to provide:<\/h2>\t\t<\/div>\n\t\t\t\t<\/div>\n\t\t\t\t<div class=\"elementor-element elementor-element-a844618 elementor-widget-divider--view-line elementor-widget elementor-widget-divider\" data-id=\"a844618\" data-element_type=\"widget\" data-widget_type=\"divider.default\">\n\t\t\t\t<div class=\"elementor-widget-container\">\n\t\t\t\t\t<div class=\"elementor-divider\">\n\t\t\t<span class=\"elementor-divider-separator\">\n\t\t\t\t\t\t<\/span>\n\t\t<\/div>\n\t\t\t\t<\/div>\n\t\t\t\t<\/div>\n\t\t\t\t<div class=\"elementor-element elementor-element-f1b87e8 elementor-widget elementor-widget-text-editor\" data-id=\"f1b87e8\" data-element_type=\"widget\" data-widget_type=\"text-editor.default\">\n\t\t\t\t<div class=\"elementor-widget-container\">\n\t\t\t\t\t\t\t<p>own contribution to the eligible value of the project<\/p><p>financing of ineligible project expenses<\/p><p>the financial resources necessary for the optimal implementation of the project under reimbursement conditions<\/p><p>subsequent payments of eligible expenses<\/p>\t\t\t\t\t\t<\/div>\n\t\t\t\t<\/div>\n\t\t\t\t\t<\/div>\n\t\t<\/div>\n\t\t\t\t<div class=\"elementor-column elementor-col-50 elementor-top-column elementor-element elementor-element-7b2d924\" data-id=\"7b2d924\" data-element_type=\"column\">\n\t\t\t<div class=\"elementor-widget-wrap elementor-element-populated\">\n\t\t\t\t\t\t<div class=\"elementor-element elementor-element-75c80bf elementor-widget elementor-widget-heading\" data-id=\"75c80bf\" data-element_type=\"widget\" data-widget_type=\"heading.default\">\n\t\t\t\t<div class=\"elementor-widget-container\">\n\t\t\t<h2 class=\"elementor-heading-title elementor-size-default\">Non-repayable financial aid:<\/h2>\t\t<\/div>\n\t\t\t\t<\/div>\n\t\t\t\t<div class=\"elementor-element elementor-element-b831a96 elementor-widget-divider--view-line elementor-widget elementor-widget-divider\" data-id=\"b831a96\" data-element_type=\"widget\" data-widget_type=\"divider.default\">\n\t\t\t\t<div class=\"elementor-widget-container\">\n\t\t\t\t\t<div class=\"elementor-divider\">\n\t\t\t<span class=\"elementor-divider-separator\">\n\t\t\t\t\t\t<\/span>\n\t\t<\/div>\n\t\t\t\t<\/div>\n\t\t\t\t<\/div>\n\t\t\t\t<div class=\"elementor-element elementor-element-ac7f74c elementor-widget elementor-widget-text-editor\" data-id=\"ac7f74c\" data-element_type=\"widget\" data-widget_type=\"text-editor.default\">\n\t\t\t\t<div class=\"elementor-widget-container\">\n\t\t\t\t\t\t\t<p>non-refundable financing by\u00a0<span style=\"text-decoration: underline;\">minimum 30,000 Euro \u2013 maximum 100,000 Euro\/beneficiary<\/span><\/p><p>intensity of non-reimbursable financing:\u00a0<span style=\"text-decoration: underline;\">90%<\/span><\/p>\t\t\t\t\t\t<\/div>\n\t\t\t\t<\/div>\n\t\t\t\t\t<\/div>\n\t\t<\/div>\n\t\t\t\t\t<\/div>\n\t\t<\/section>\n\t\t\t\t<section class=\"elementor-section elementor-top-section elementor-element elementor-element-9d4a6e1 elementor-section-stretched elementor-section-boxed elementor-section-height-default elementor-section-height-default\" data-id=\"9d4a6e1\" data-element_type=\"section\" data-settings=\"{&quot;stretch_section&quot;:&quot;section-stretched&quot;,&quot;background_background&quot;:&quot;classic&quot;}\">\n\t\t\t\t\t\t<div class=\"elementor-container elementor-column-gap-default\">\n\t\t\t\t\t<div class=\"elementor-column elementor-col-100 elementor-top-column elementor-element elementor-element-81f4687\" data-id=\"81f4687\" data-element_type=\"column\" data-settings=\"{&quot;background_background&quot;:&quot;classic&quot;}\">\n\t\t\t<div class=\"elementor-widget-wrap elementor-element-populated\">\n\t\t\t\t\t\t<div class=\"elementor-element elementor-element-9da2970 elementor-widget elementor-widget-heading\" data-id=\"9da2970\" data-element_type=\"widget\" data-widget_type=\"heading.default\">\n\t\t\t\t<div class=\"elementor-widget-container\">\n\t\t\t<h2 class=\"elementor-heading-title elementor-size-default\">Eligible expenses<\/h2>\t\t<\/div>\n\t\t\t\t<\/div>\n\t\t\t\t<div class=\"elementor-element elementor-element-49e9cca elementor-widget-divider--view-line elementor-widget elementor-widget-divider\" data-id=\"49e9cca\" data-element_type=\"widget\" data-widget_type=\"divider.default\">\n\t\t\t\t<div class=\"elementor-widget-container\">\n\t\t\t\t\t<div class=\"elementor-divider\">\n\t\t\t<span class=\"elementor-divider-separator\">\n\t\t\t\t\t\t<\/span>\n\t\t<\/div>\n\t\t\t\t<\/div>\n\t\t\t\t<\/div>\n\t\t\t\t<section class=\"elementor-section elementor-inner-section elementor-element elementor-element-62eecd6 elementor-section-boxed elementor-section-height-default elementor-section-height-default\" data-id=\"62eecd6\" data-element_type=\"section\">\n\t\t\t\t\t\t<div class=\"elementor-container elementor-column-gap-default\">\n\t\t\t\t\t<div class=\"elementor-column elementor-col-50 elementor-inner-column elementor-element elementor-element-e68e9b9\" data-id=\"e68e9b9\" data-element_type=\"column\">\n\t\t\t<div class=\"elementor-widget-wrap elementor-element-populated\">\n\t\t\t\t\t\t<div class=\"elementor-element elementor-element-26f2cb4 elementor-widget elementor-widget-text-editor\" data-id=\"26f2cb4\" data-element_type=\"widget\" data-widget_type=\"text-editor.default\">\n\t\t\t\t<div class=\"elementor-widget-container\">\n\t\t\t\t\t\t\t<p>Acquisition of ICT hardware, devices and related equipment (including installation, configuration, commissioning costs), justified from the point of view of the implementation of the project application. Furniture items that are not related to the functioning of the IT products\/applications implemented through the project application are excluded;<\/p><p>LAN network required for the implementation of the project application; RPA - Robotic Process Automation software automation solutions, ERP \/ CRM management systems;<\/p><p>creation of presentation website;<\/p><p>acquisitions of artificial intelligence systems, machine learning, augmented reality, virtual reality<\/p><p>\u00a0<\/p>\t\t\t\t\t\t<\/div>\n\t\t\t\t<\/div>\n\t\t\t\t\t<\/div>\n\t\t<\/div>\n\t\t\t\t<div class=\"elementor-column elementor-col-50 elementor-inner-column elementor-element elementor-element-0cca439\" data-id=\"0cca439\" data-element_type=\"column\">\n\t\t\t<div class=\"elementor-widget-wrap elementor-element-populated\">\n\t\t\t\t\t\t<div class=\"elementor-element elementor-element-f184c9b elementor-widget elementor-widget-text-editor\" data-id=\"f184c9b\" data-element_type=\"widget\" data-widget_type=\"text-editor.default\">\n\t\t\t\t<div class=\"elementor-widget-container\">\n\t\t\t\t\t\t\t<p>Activities related to industrial research or experimental development;<\/p><p>purchase a new \u201c.ro\u201d domain name directly from the national \u201c.ro\u201d domain provider;<\/p><p>electronic signature acquisition, specific IT applications, IT solutions for e-commerce;<\/p><p>consulting services<\/p><p>training courses for staff who will use the implemented products<\/p><p>\u00a0<\/p>\t\t\t\t\t\t<\/div>\n\t\t\t\t<\/div>\n\t\t\t\t\t<\/div>\n\t\t<\/div>\n\t\t\t\t\t<\/div>\n\t\t<\/section>\n\t\t\t\t<div class=\"elementor-element elementor-element-7e3a272 elementor-align-center elementor-widget elementor-widget-button\" data-id=\"7e3a272\" data-element_type=\"widget\" data-widget_type=\"button.default\">\n\t\t\t\t<div class=\"elementor-widget-container\">\n\t\t\t\t\t\t\t<div class=\"elementor-button-wrapper\">\n\t\t\t\t\t<a class=\"elementor-button elementor-button-link elementor-size-sm\" href=\"https:\/\/organic-consulting.ro\/en\/contact\/\">\n\t\t\t\t\t\t<span class=\"elementor-button-content-wrapper\">\n\t\t\t\t\t\t\t\t\t<span class=\"elementor-button-text\">CONTACT US NOW!<\/span>\n\t\t\t\t\t<\/span>\n\t\t\t\t\t<\/a>\n\t\t\t\t<\/div>\n\t\t\t\t\t\t<\/div>\n\t\t\t\t<\/div>\n\t\t\t\t\t<\/div>\n\t\t<\/div>\n\t\t\t\t\t<\/div>\n\t\t<\/section>\n\t\t\t\t<\/div>","protected":false},"excerpt":{"rendered":"<p>CONTACTEAZA-NE! Granturi DIGITALIZARE Solicitanti eligibili: IMM-uri, micro\u00eentreprinderi cu sediul social \u00een Rom\u00e2nia, f\u0103r\u0103 datorii la bugetul de stat Domeniile de activitate\u00a0excluse: \u00eentreprinderi cu activitate (cod CAEN autorizat) \u00een sectorul IT, agricultur\u0103, Industria Alimentar\u0103. Solicitantul are capacitatea financiar\u0103 de a asigura: contribu\u0163ia proprie la valoarea eligibil\u0103 a proiectului finan\u0163area cheltuielilor neeligibile ale proiectului resursele financiare necesare [&hellip;]<\/p>\n","protected":false},"author":1,"featured_media":0,"parent":1178,"menu_order":0,"comment_status":"closed","ping_status":"closed","template":"elementor_header_footer","meta":{"footnotes":""},"class_list":["post-1192","page","type-page","status-publish","hentry"],"yoast_head":"<!-- This site is optimized with the Yoast SEO plugin v27.4 - https:\/\/yoast.com\/product\/yoast-seo-wordpress\/ -->\n<title>Granturi DIGITALIZARE - Organic Consulting<\/title>\n<meta name=\"robots\" content=\"index, follow, max-snippet:-1, max-image-preview:large, max-video-preview:-1\" \/>\n<link rel=\"canonical\" href=\"https:\/\/organic-consulting.ro\/en\/fonduri-nerambursabile-old\/granturi-digitalizare\/\" \/>\n<meta property=\"og:locale\" content=\"en_GB\" \/>\n<meta property=\"og:type\" content=\"article\" \/>\n<meta property=\"og:title\" content=\"Granturi DIGITALIZARE - Organic Consulting\" \/>\n<meta property=\"og:description\" content=\"CONTACTEAZA-NE! Granturi DIGITALIZARE Solicitanti eligibili: IMM-uri, micro\u00eentreprinderi cu sediul social \u00een Rom\u00e2nia, f\u0103r\u0103 datorii la bugetul de stat Domeniile de activitate\u00a0excluse: \u00eentreprinderi cu activitate (cod CAEN autorizat) \u00een sectorul IT, agricultur\u0103, Industria Alimentar\u0103. Solicitantul are capacitatea financiar\u0103 de a asigura: contribu\u0163ia proprie la valoarea eligibil\u0103 a proiectului finan\u0163area cheltuielilor neeligibile ale proiectului resursele financiare necesare [&hellip;]\" \/>\n<meta property=\"og:url\" content=\"https:\/\/organic-consulting.ro\/en\/fonduri-nerambursabile-old\/granturi-digitalizare\/\" \/>\n<meta property=\"og:site_name\" content=\"Organic Consulting\" \/>\n<meta property=\"article:modified_time\" content=\"2022-07-13T13:57:18+00:00\" \/>\n<meta name=\"twitter:card\" content=\"summary_large_image\" \/>\n<meta name=\"twitter:label1\" content=\"Estimated reading time\" \/>\n\t<meta name=\"twitter:data1\" content=\"2 minutes\" \/>\n<script type=\"application\/ld+json\" class=\"yoast-schema-graph\">{\"@context\":\"https:\\\/\\\/schema.org\",\"@graph\":[{\"@type\":\"WebPage\",\"@id\":\"https:\\\/\\\/organic-consulting.ro\\\/fonduri-nerambursabile-old\\\/granturi-digitalizare\\\/\",\"url\":\"https:\\\/\\\/organic-consulting.ro\\\/fonduri-nerambursabile-old\\\/granturi-digitalizare\\\/\",\"name\":\"Granturi DIGITALIZARE - Organic Consulting\",\"isPartOf\":{\"@id\":\"https:\\\/\\\/organic-consulting.ro\\\/#website\"},\"datePublished\":\"2022-07-13T11:56:28+00:00\",\"dateModified\":\"2022-07-13T13:57:18+00:00\",\"breadcrumb\":{\"@id\":\"https:\\\/\\\/organic-consulting.ro\\\/fonduri-nerambursabile-old\\\/granturi-digitalizare\\\/#breadcrumb\"},\"inLanguage\":\"en-GB\",\"potentialAction\":[{\"@type\":\"ReadAction\",\"target\":[\"https:\\\/\\\/organic-consulting.ro\\\/fonduri-nerambursabile-old\\\/granturi-digitalizare\\\/\"]}]},{\"@type\":\"BreadcrumbList\",\"@id\":\"https:\\\/\\\/organic-consulting.ro\\\/fonduri-nerambursabile-old\\\/granturi-digitalizare\\\/#breadcrumb\",\"itemListElement\":[{\"@type\":\"ListItem\",\"position\":1,\"name\":\"Prima pagin\u0103\",\"item\":\"https:\\\/\\\/organic-consulting.ro\\\/\"},{\"@type\":\"ListItem\",\"position\":2,\"name\":\"Fonduri nerambursabile\",\"item\":\"https:\\\/\\\/organic-consulting.ro\\\/fonduri-nerambursabile-old\\\/\"},{\"@type\":\"ListItem\",\"position\":3,\"name\":\"Granturi DIGITALIZARE\"}]},{\"@type\":\"WebSite\",\"@id\":\"https:\\\/\\\/organic-consulting.ro\\\/#website\",\"url\":\"https:\\\/\\\/organic-consulting.ro\\\/\",\"name\":\"Organic Consulting\",\"description\":\"Servicii consultan\u021b\u0103 juridic\u0103 \u0219i financiar\u0103\",\"publisher\":{\"@id\":\"https:\\\/\\\/organic-consulting.ro\\\/#organization\"},\"potentialAction\":[{\"@type\":\"SearchAction\",\"target\":{\"@type\":\"EntryPoint\",\"urlTemplate\":\"https:\\\/\\\/organic-consulting.ro\\\/?s={search_term_string}\"},\"query-input\":{\"@type\":\"PropertyValueSpecification\",\"valueRequired\":true,\"valueName\":\"search_term_string\"}}],\"inLanguage\":\"en-GB\"},{\"@type\":\"Organization\",\"@id\":\"https:\\\/\\\/organic-consulting.ro\\\/#organization\",\"name\":\"Organic Consulting SRL\",\"url\":\"https:\\\/\\\/organic-consulting.ro\\\/\",\"logo\":{\"@type\":\"ImageObject\",\"inLanguage\":\"en-GB\",\"@id\":\"https:\\\/\\\/organic-consulting.ro\\\/#\\\/schema\\\/logo\\\/image\\\/\",\"url\":\"https:\\\/\\\/organic-consulting.ro\\\/wp-content\\\/uploads\\\/2022\\\/05\\\/Organic-Consulting-logo-NEGRU.png\",\"contentUrl\":\"https:\\\/\\\/organic-consulting.ro\\\/wp-content\\\/uploads\\\/2022\\\/05\\\/Organic-Consulting-logo-NEGRU.png\",\"width\":1131,\"height\":376,\"caption\":\"Organic Consulting SRL\"},\"image\":{\"@id\":\"https:\\\/\\\/organic-consulting.ro\\\/#\\\/schema\\\/logo\\\/image\\\/\"}}]}<\/script>\n<!-- \/ Yoast SEO plugin. -->","yoast_head_json":{"title":"Granturi DIGITALIZARE - Organic Consulting","robots":{"index":"index","follow":"follow","max-snippet":"max-snippet:-1","max-image-preview":"max-image-preview:large","max-video-preview":"max-video-preview:-1"},"canonical":"https:\/\/organic-consulting.ro\/en\/fonduri-nerambursabile-old\/granturi-digitalizare\/","og_locale":"en_GB","og_type":"article","og_title":"Granturi DIGITALIZARE - Organic Consulting","og_description":"CONTACTEAZA-NE! Granturi DIGITALIZARE Solicitanti eligibili: IMM-uri, micro\u00eentreprinderi cu sediul social \u00een Rom\u00e2nia, f\u0103r\u0103 datorii la bugetul de stat Domeniile de activitate\u00a0excluse: \u00eentreprinderi cu activitate (cod CAEN autorizat) \u00een sectorul IT, agricultur\u0103, Industria Alimentar\u0103. Solicitantul are capacitatea financiar\u0103 de a asigura: contribu\u0163ia proprie la valoarea eligibil\u0103 a proiectului finan\u0163area cheltuielilor neeligibile ale proiectului resursele financiare necesare [&hellip;]","og_url":"https:\/\/organic-consulting.ro\/en\/fonduri-nerambursabile-old\/granturi-digitalizare\/","og_site_name":"Organic Consulting","article_modified_time":"2022-07-13T13:57:18+00:00","twitter_card":"summary_large_image","twitter_misc":{"Estimated reading time":"2 minutes"},"schema":{"@context":"https:\/\/schema.org","@graph":[{"@type":"WebPage","@id":"https:\/\/organic-consulting.ro\/fonduri-nerambursabile-old\/granturi-digitalizare\/","url":"https:\/\/organic-consulting.ro\/fonduri-nerambursabile-old\/granturi-digitalizare\/","name":"Granturi DIGITALIZARE - Organic Consulting","isPartOf":{"@id":"https:\/\/organic-consulting.ro\/#website"},"datePublished":"2022-07-13T11:56:28+00:00","dateModified":"2022-07-13T13:57:18+00:00","breadcrumb":{"@id":"https:\/\/organic-consulting.ro\/fonduri-nerambursabile-old\/granturi-digitalizare\/#breadcrumb"},"inLanguage":"en-GB","potentialAction":[{"@type":"ReadAction","target":["https:\/\/organic-consulting.ro\/fonduri-nerambursabile-old\/granturi-digitalizare\/"]}]},{"@type":"BreadcrumbList","@id":"https:\/\/organic-consulting.ro\/fonduri-nerambursabile-old\/granturi-digitalizare\/#breadcrumb","itemListElement":[{"@type":"ListItem","position":1,"name":"Prima pagin\u0103","item":"https:\/\/organic-consulting.ro\/"},{"@type":"ListItem","position":2,"name":"Fonduri nerambursabile","item":"https:\/\/organic-consulting.ro\/fonduri-nerambursabile-old\/"},{"@type":"ListItem","position":3,"name":"Granturi DIGITALIZARE"}]},{"@type":"WebSite","@id":"https:\/\/organic-consulting.ro\/#website","url":"https:\/\/organic-consulting.ro\/","name":"Organic Consulting","description":"Servicii consultan\u021b\u0103 juridic\u0103 \u0219i financiar\u0103","publisher":{"@id":"https:\/\/organic-consulting.ro\/#organization"},"potentialAction":[{"@type":"SearchAction","target":{"@type":"EntryPoint","urlTemplate":"https:\/\/organic-consulting.ro\/?s={search_term_string}"},"query-input":{"@type":"PropertyValueSpecification","valueRequired":true,"valueName":"search_term_string"}}],"inLanguage":"en-GB"},{"@type":"Organization","@id":"https:\/\/organic-consulting.ro\/#organization","name":"Organic Consulting SRL","url":"https:\/\/organic-consulting.ro\/","logo":{"@type":"ImageObject","inLanguage":"en-GB","@id":"https:\/\/organic-consulting.ro\/#\/schema\/logo\/image\/","url":"https:\/\/organic-consulting.ro\/wp-content\/uploads\/2022\/05\/Organic-Consulting-logo-NEGRU.png","contentUrl":"https:\/\/organic-consulting.ro\/wp-content\/uploads\/2022\/05\/Organic-Consulting-logo-NEGRU.png","width":1131,"height":376,"caption":"Organic Consulting SRL"},"image":{"@id":"https:\/\/organic-consulting.ro\/#\/schema\/logo\/image\/"}}]}},"_links":{"self":[{"href":"https:\/\/organic-consulting.ro\/en\/wp-json\/wp\/v2\/pages\/1192","targetHints":{"allow":["GET"]}}],"collection":[{"href":"https:\/\/organic-consulting.ro\/en\/wp-json\/wp\/v2\/pages"}],"about":[{"href":"https:\/\/organic-consulting.ro\/en\/wp-json\/wp\/v2\/types\/page"}],"author":[{"embeddable":true,"href":"https:\/\/organic-consulting.ro\/en\/wp-json\/wp\/v2\/users\/1"}],"replies":[{"embeddable":true,"href":"https:\/\/organic-consulting.ro\/en\/wp-json\/wp\/v2\/comments?post=1192"}],"version-history":[{"count":0,"href":"https:\/\/organic-consulting.ro\/en\/wp-json\/wp\/v2\/pages\/1192\/revisions"}],"up":[{"embeddable":true,"href":"https:\/\/organic-consulting.ro\/en\/wp-json\/wp\/v2\/pages\/1178"}],"wp:attachment":[{"href":"https:\/\/organic-consulting.ro\/en\/wp-json\/wp\/v2\/media?parent=1192"}],"curies":[{"name":"wp","href":"https:\/\/api.w.org\/{rel}","templated":true}]}}